{"id":3935,"date":"2024-10-24T09:14:08","date_gmt":"2024-10-24T06:14:08","guid":{"rendered":"https:\/\/e-alouminio.gr\/angebot-fliegengitter\/"},"modified":"2025-01-02T12:46:42","modified_gmt":"2025-01-02T10:46:42","slug":"angebot-fliegengitter","status":"publish","type":"page","link":"https:\/\/e-alouminio.gr\/de\/angebot-fliegengitter\/","title":{"rendered":"Angebot &#8211; Fliegengitter"},"content":{"rendered":"<style>.wp-block-kadence-advancedheading.kt-adv-heading3401_fb5062-bb, .wp-block-kadence-advancedheading.kt-adv-heading3401_fb5062-bb[data-kb-block=\"kb-adv-heading3401_fb5062-bb\"]{font-size:33px;font-style:normal;}.wp-block-kadence-advancedheading.kt-adv-heading3401_fb5062-bb mark.kt-highlight, .wp-block-kadence-advancedheading.kt-adv-heading3401_fb5062-bb[data-kb-block=\"kb-adv-heading3401_fb5062-bb\"] mark.kt-highlight{font-style:normal;color:#f76a0c;-webkit-box-decoration-break:clone;box-decoration-break:clone;padding-top:0px;padding-right:0px;padding-bottom:0px;padding-left:0px;}.wp-block-kadence-advancedheading.kt-adv-heading3401_fb5062-bb img.kb-inline-image, .wp-block-kadence-advancedheading.kt-adv-heading3401_fb5062-bb[data-kb-block=\"kb-adv-heading3401_fb5062-bb\"] img.kb-inline-image{width:150px;vertical-align:baseline;}@media all and (max-width: 767px){.wp-block-kadence-advancedheading.kt-adv-heading3401_fb5062-bb, .wp-block-kadence-advancedheading.kt-adv-heading3401_fb5062-bb[data-kb-block=\"kb-adv-heading3401_fb5062-bb\"]{font-size:22px;}}<\/style>\n<h2 class=\"kt-adv-heading3401_fb5062-bb wp-block-kadence-advancedheading\" data-kb-block=\"kb-adv-heading3401_fb5062-bb\"><strong>Angebot f\u00fcr FLIEGENGITTER<\/strong><\/h2>\n<div class=\"frm_forms  with_frm_style frm_style_formidable-style-3\" id=\"frm_form_7_container\" data-token=\"5a2c6d61f6ff2a437c87f16fc6c5b748\">\n<form enctype=\"multipart\/form-data\" method=\"post\" class=\"frm-show-form  frm_pro_form \" id=\"form_9m59v22\" data-token=\"5a2c6d61f6ff2a437c87f16fc6c5b748\">\n<div class=\"frm_form_fields \">\n<fieldset>\n<legend class=\"frm_screen_reader\">Offer Screens<\/legend>\r\n\r\n<div class=\"frm_fields_container\">\n<input type=\"hidden\" name=\"frm_action\" value=\"create\" \/>\n<input type=\"hidden\" name=\"form_id\" value=\"7\" \/>\n<input type=\"hidden\" name=\"frm_hide_fields_7\" id=\"frm_hide_fields_7\" value=\"\" \/>\n<input type=\"hidden\" name=\"form_key\" value=\"9m59v22\" \/>\n<input type=\"hidden\" name=\"item_meta[0]\" value=\"\" \/>\n<input type=\"hidden\" id=\"frm_submit_entry_7\" name=\"frm_submit_entry_7\" value=\"47e4ce80d8\" \/><input type=\"hidden\" name=\"_wp_http_referer\" value=\"\/de\/wp-json\/wp\/v2\/pages\/3935\" \/><div id=\"frm_field_142_container\" class=\"frm_form_field  frm_html_container form-field\">\n<p style=\"font-size: 22px; color: #000000; font-weight: 400px; font-family: manrope;\">Rahmenhersteller: <\/p>\n<\/div>\n\t\t<input  type=\"hidden\" name=\"item_meta[143]\" id=\"field_rt56w3\" value=\"\"     \/>\n\t\t\t\t<input  type=\"hidden\" name=\"item_meta[144]\" id=\"field_qpl0l3\" value=\"\"     \/>\n\t\t\t\t<input  type=\"hidden\" name=\"item_meta[145]\" id=\"field_jzeu33\" value=\"\"     \/>\n\t\t\t\t<input  type=\"hidden\" name=\"item_meta[146]\" id=\"field_3z1uk3\" value=\"\"     \/>\n\t\t<div id=\"frm_field_147_container\" class=\"frm_form_field frm_section_heading form-field \">\r\n<h3 class=\"frm_pos_top frm_section_spacing\">Details zum Angebot<\/h3>\r\n\r\n\r\n<div id=\"frm_field_148_container\" class=\"frm_form_field form-field  frm_required_field frm_top_container frm_half\">\r\n\t<label for=\"field_m9zc02\" id=\"field_m9zc02_label\" class=\"frm_primary_label\">St\u00fccke\r\n\t\t<span class=\"frm_required\" aria-hidden=\"true\">*<\/span>\r\n\t<\/label>\r\n\t<input type=\"number\" id=\"field_m9zc02\" name=\"item_meta[148]\" value=\"\" data-sectionid=\"147\"  data-reqmsg=\"St\u00fccke cannot be blank.\" aria-required=\"true\" data-invmsg=\"St\u00fccke is invalid\" aria-invalid=\"false\"   min=\"0\" max=\"9999999\" step=\"1\" \/>\r\n\t\r\n\t\r\n<\/div>\n<div id=\"frm_field_149_container\" class=\"frm_form_field  frm_html_container form-field\"><img loading=\"lazy\" decoding=\"async\" style=\"margin-top: 10px;\" src=\"\/wp-content\/uploads\/2024\/11\/grey-line-075.jpg\" alt=\"\" width=\"1280\" height=\"1\" class=\"alignnone size-full wp-image-3552\" \/><\/div>\n<div id=\"frm_field_150_container\" class=\"frm_form_field form-field  frm_required_field frm_top_container frm6 frm_first\">\r\n\t<label for=\"field_21qmv2\" id=\"field_21qmv2_label\" class=\"frm_primary_label\">Beschreibung\r\n\t\t<span class=\"frm_required\" aria-hidden=\"true\">*<\/span>\r\n\t<\/label>\r\n\t<textarea name=\"item_meta[150]\" id=\"field_21qmv2\" rows=\"5\"  data-sectionid=\"147\"  data-reqmsg=\"Beschreibung cannot be blank.\" aria-required=\"true\" data-invmsg=\"Beschreibung is invalid\" aria-invalid=\"false\"  ><\/textarea>\r\n\t\r\n\t\r\n<\/div>\n<div id=\"frm_field_151_container\" class=\"frm_form_field form-field  frm_top_container frm6\">\r\n\t<label for=\"field_8tpbb2\" id=\"field_8tpbb2_label\" class=\"frm_primary_label\">Fotos des Ortes\r\n\t\t<span class=\"frm_required\" aria-hidden=\"true\"><\/span>\r\n\t<\/label>\r\n\t<input type=\"hidden\"  data-sectionid=\"147\"  data-invmsg=\"Fotos des Ortes is invalid\" aria-invalid=\"false\"   name=\"item_meta[151][]\"  value=\"\" data-frmfile=\"151\" \/>\n\n<div class=\"frm_dropzone frm_multi_upload frm_clearfix\" id=\"file151_dropzone\" role=\"group\"  aria-describedby=\"frm_desc_field_8tpbb2\">\n\t<div class=\"fallback\">\n\t\t<input type=\"file\" name=\"file151[]\" id=\"field_8tpbb2\"\n\t\t\t data-frmfile=\"151\" multiple=\"multiple\"  data-sectionid=\"147\"  data-invmsg=\"Fotos des Ortes is invalid\" aria-invalid=\"false\"  \t\t\t\/>\n\t\t\t\t<div class=\"frm_clearfix \"><\/div>\n\t<\/div>\n\t<div class=\"dz-message needsclick\">\n\t\t\t\t<svg  viewBox=\"0 0 18 18\" class=\"frmsvg frm-svg-icon\">\n\t<path viewBox=\"0 0 18 18\" fill-rule=\"evenodd\" clip-rule=\"evenodd\" d=\"M8.2 4v8a.8.8 0 001.5 0V4l2.1 2.2A.7.7 0 1013 5L9.5 1.7a.7.7 0 00-1.1 0L5.1 5.2a.8.8 0 001 1l2.1-2zm7.6 4.3c.4 0 .7.3.7.7v6.8c0 .4-.3.7-.8.7H2.3a.8.8 0 01-.8-.8V9A.8.8 0 013 9v6h12V9c0-.4.3-.8.8-.8z\"><\/path>\n<\/svg>\t\t<span class=\"frm_upload_text\"><button type=\"button\" aria-label=\"Fotos des Ortes. Hinterlegen Sie hier Ihre Datei oder klicken Sie zur Auswahl. Maximale Dateigr\u00f6\u00dfe: 268.44MB\">Hinterlegen Sie hier Ihre Datei oder klicken Sie zur Auswahl<\/button><\/span>\n\t\t<span class=\"frm_compact_text\"><button type=\"button\" aria-label=\"Fotos des Ortes. Datei ausw\u00e4hlen. Maximale Dateigr\u00f6\u00dfe: 268.44MB\">Datei ausw\u00e4hlen<\/button><\/span>\n\t\t<div class=\"frm_small_text\">\n\t\t\t<p>Maximale Dateigr\u00f6\u00dfe: 268.44MB<\/p>\n\t\t<\/div>\n\t<\/div>\n<\/div>\n\t\r\n\t<div class=\"frm_description\" id=\"frm_desc_field_8tpbb2\">Anhand der Fotos kann sich der Rahmenhersteller ein besseres Bild von dem Raum machen und Ihnen ein umfassenderes Angebot machen.<\/div>\r\n\t\r\n<\/div>\n<\/div>\n<div id=\"frm_field_153_container\" class=\"frm_form_field frm_section_heading form-field \">\r\n<h3 class=\"frm_pos_top frm_section_spacing\">Gew\u00fcnschte Lieferfrist<\/h3>\r\n\r\n\r\n<div id=\"frm_field_154_container\" class=\"frm_form_field form-field  frm_none_container frm_four_col\">\r\n\t<div  id=\"field_weq583_label\" class=\"frm_primary_label\">Gew\u00fcnschte Lieferfrist\r\n\t\t<span class=\"frm_required\" aria-hidden=\"true\"><\/span>\r\n\t<\/div>\r\n\t<div class=\"frm_opt_container\" aria-labelledby=\"field_weq583_label\" role=\"radiogroup\">\t\t<div class=\"frm_radio\" id=\"frm_radio_154-153-0\">\t\t\t<label  for=\"field_weq583-0\">\n\t\t\t\t\t<input type=\"radio\" name=\"item_meta[154]\" id=\"field_weq583-0\" value=\"\u0388\u03c9\u03c2 \u03ad\u03bd\u03b1 \u03bc\u03ae\u03bd\u03b1\"\n\t\t data-sectionid=\"153\"  data-invmsg=\"Gew\u00fcnschte Lieferfrist ist ung\u00fcltig\"   \/> Bis 1 Monat<\/label><\/div>\n\t\t<div class=\"frm_radio\" id=\"frm_radio_154-153-1\">\t\t\t<label  for=\"field_weq583-1\">\n\t\t\t\t\t<input type=\"radio\" name=\"item_meta[154]\" id=\"field_weq583-1\" value=\"1 \u03bc\u03b5 3 \u03bc\u03ae\u03bd\u03b5\u03c2\"\n\t\t data-sectionid=\"153\"  data-invmsg=\"Gew\u00fcnschte Lieferfrist ist ung\u00fcltig\"   \/> 1 bis 3 Monate<\/label><\/div>\n\t\t<div class=\"frm_radio\" id=\"frm_radio_154-153-2\">\t\t\t<label  for=\"field_weq583-2\">\n\t\t\t\t\t<input type=\"radio\" name=\"item_meta[154]\" id=\"field_weq583-2\" value=\"3 \u03bc\u03b5 6 \u03bc\u03ae\u03bd\u03b5\u03c2\"\n\t\t data-sectionid=\"153\"  data-invmsg=\"Gew\u00fcnschte Lieferfrist ist ung\u00fcltig\"   \/> 3 bis 6 Monate<\/label><\/div>\n\t\t<div class=\"frm_radio\" id=\"frm_radio_154-153-3\">\t\t\t<label  for=\"field_weq583-3\">\n\t\t\t\t\t<input type=\"radio\" name=\"item_meta[154]\" id=\"field_weq583-3\" value=\"\u0394\u03b5\u03bd \u03b3\u03bd\u03c9\u03c1\u03af\u03b6\u03c9\"\n\t\t data-sectionid=\"153\"  data-invmsg=\"Gew\u00fcnschte Lieferfrist ist ung\u00fcltig\"   \/> Ich weiss nicht<\/label><\/div>\n<\/div>\r\n\t\r\n\t\r\n<\/div>\n<\/div>\n<div id=\"frm_field_156_container\" class=\"frm_form_field frm_section_heading form-field \">\r\n<h3 class=\"frm_pos_top frm_section_spacing\">Kontaktangaben<\/h3>\r\n\r\n\r\n<div id=\"frm_field_157_container\" class=\"frm_form_field form-field  frm_required_field frm_top_container frm_first frm_half\">\r\n\t<div  id=\"field_j2nzb3_label\" class=\"frm_primary_label\">Name\r\n\t\t<span class=\"frm_required\" aria-hidden=\"true\">*<\/span>\r\n\t<\/div>\r\n\t<fieldset aria-labelledby=\"field_j2nzb3_label\">\n\t<legend class=\"frm_screen_reader frm_hidden\">\n\t\tName\t<\/legend>\n\n\t<div  class=\"frm_combo_inputs_container\" id=\"frm_combo_inputs_container_157\" data-name-layout=\"last_first\">\n\t\t\t\t\t<div\n\t\t\t\tid=\"frm_field_157-last_container\"\n\t\t\t\tclass=\"frm_form_field form-field frm_form_subfield-last  frm6\"\n\t\t\t\tdata-sub-field-name=\"last\"\n\t\t\t>\n\t\t\t\t<label for=\"field_j2nzb3_last\" class=\"frm_screen_reader frm_hidden\">\n\t\t\t\t\tName\t\t\t\t<\/label>\n\n\t\t\t\t<input  type=\"text\" id=\"field_j2nzb3_last\" value=\"\" name=\"item_meta[157][last]\" autocomplete=\"family-name\" data-sectionid=\"156\"  placeholder=\"Nachname\" data-reqmsg=\"Name cannot be blank.\" aria-required=\"true\" data-invmsg=\"Name ist ung\u00fcltig\" aria-invalid=\"false\"  \/>\t\t\t<\/div>\n\t\t\t\t\t\t<div\n\t\t\t\tid=\"frm_field_157-first_container\"\n\t\t\t\tclass=\"frm_form_field form-field frm_form_subfield-first  frm6\"\n\t\t\t\tdata-sub-field-name=\"first\"\n\t\t\t>\n\t\t\t\t<label for=\"field_j2nzb3_first\" class=\"frm_screen_reader frm_hidden\">\n\t\t\t\t\tName\t\t\t\t<\/label>\n\n\t\t\t\t<input  type=\"text\" id=\"field_j2nzb3_first\" value=\"\" name=\"item_meta[157][first]\" autocomplete=\"given-name\" data-sectionid=\"156\"  placeholder=\"Vorname\" data-reqmsg=\"Name cannot be blank.\" aria-required=\"true\" data-invmsg=\"Name ist ung\u00fcltig\" aria-invalid=\"false\"  \/>\t\t\t<\/div>\n\t\t\t\t<\/div>\n<\/fieldset>\n\r\n\t\r\n\t\r\n<\/div>\n<div id=\"frm_field_158_container\" class=\"frm_form_field form-field  frm_required_field frm_top_container frm_first frm_fourth\">\r\n\t<label for=\"field_qm1em3\" id=\"field_qm1em3_label\" class=\"frm_primary_label\">Email\r\n\t\t<span class=\"frm_required\" aria-hidden=\"true\">*<\/span>\r\n\t<\/label>\r\n\t<input type=\"email\" id=\"field_qm1em3\" name=\"item_meta[158]\" value=\"\"  data-sectionid=\"156\"  autocomplete=\"email\"  data-reqmsg=\"Email cannot be blank.\" aria-required=\"true\" data-invmsg=\"Email is invalid\" aria-invalid=\"false\"  \/>\r\n\t\r\n\t\r\n<\/div>\n<div id=\"frm_field_159_container\" class=\"frm_form_field form-field  frm_required_field frm_top_container frm_fourth\">\r\n\t<label for=\"field_zb8ij3\" id=\"field_zb8ij3_label\" class=\"frm_primary_label\">Telefon\r\n\t\t<span class=\"frm_required\" aria-hidden=\"true\">*<\/span>\r\n\t<\/label>\r\n\t<input type=\"tel\" id=\"field_zb8ij3\" name=\"item_meta[159]\" value=\"\"  data-sectionid=\"156\"  data-frmmask=\"000-000-0000\" data-reqmsg=\"Telefon cannot be blank.\" aria-required=\"true\" data-invmsg=\"Telefon is invalid\" aria-invalid=\"false\" pattern=\"\\d\\d\\d-\\d\\d\\d-\\d\\d\\d\\d$\"  \/>\r\n\t\r\n\t\r\n<\/div>\n<div id=\"frm_field_208_container\" class=\"frm_form_field form-field  frm_top_container frm_half\">\r\n\t<label for=\"field_cm9kh\" id=\"field_cm9kh_label\" class=\"frm_primary_label\">\u03a0\u03b5\u03c1\u03b9\u03bf\u03c7\u03ae\r\n\t\t<span class=\"frm_required\" aria-hidden=\"true\"><\/span>\r\n\t<\/label>\r\n\t<input  type=\"text\" id=\"field_cm9kh\" name=\"item_meta[208]\" value=\"\"  data-sectionid=\"156\"  data-invmsg=\"\u03a0\u03b5\u03c1\u03b9\u03bf\u03c7\u03ae is invalid\" aria-invalid=\"false\"   \/>\r\n\t\r\n\t\r\n<\/div>\n<\/div>\n<div id=\"frm_field_161_container\" class=\"frm_form_field  frm_html_container form-field\"><img loading=\"lazy\" decoding=\"async\" style=\"margin-top:30px; margin-bottom: 10px;\" src=\"\/wp-content\/uploads\/2024\/11\/grey-line-075.jpg\" alt=\"\" width=\"1280\" height=\"1\" class=\"alignnone size-full wp-image-3552\" \/><\/div>\n<div id=\"frm_field_162_container\" class=\"frm_form_field form-field  frm_required_field frm_none_container vertical_radio\">\r\n\t<div  id=\"field_jfg6l_label\" class=\"frm_primary_label\">DSGVO\r\n\t\t<span class=\"frm_required\" aria-hidden=\"true\">*<\/span>\r\n\t<\/div>\r\n\t<div class=\"frm_opt_container\" aria-labelledby=\"field_jfg6l_label\" role=\"group\">\t\t<div class=\"frm_checkbox\" id=\"frm_checkbox_162-0\">\t\t\t<label  for=\"field_jfg6l-0\">\n\t\t\t<input type=\"checkbox\" name=\"item_meta[162][]\" id=\"field_jfg6l-0\" value=\"GDPR: \u03a3\u03c5\u03bd\u03b1\u03af\u03bd\u03b5\u03c3\u03b7\"  data-reqmsg=\"DSGVO Das Feld ist obligatorisch.\" data-invmsg=\"DSGVO ist ung\u00fcltig\"   aria-required=\"true\"  \/> Ich bin mit den <a href=\"https:\/\/e-alouminio.gr\/de\/richtlinie-zum-schutz-der-privatsphaere-und-persoenlicher-daten\/\">Datenschutzbestimmungen<\/a> einverstanden<\/label><\/div>\n<\/div>\r\n\t\r\n\t\r\n<\/div>\n<div id=\"frm_field_163_container\" class=\"frm_form_field  frm_html_container form-field\"><\/div>\n\t\t<input  type=\"hidden\" name=\"item_meta[164]\" id=\"field_q7ul2\" value=\"de\"  data-frmval=\"de\"   \/>\n\t\t<div id=\"frm_field_165_container\" class=\"frm_form_field form-field  frm_none_container\">\r\n\t<label for=\"cf-turnstile-response\" id=\"field_nhhzb_label\" class=\"frm_primary_label\">Captcha\r\n\t\t<span class=\"frm_required\" aria-hidden=\"true\"><\/span>\r\n\t<\/label>\r\n\t<div  id=\"field_nhhzb\" class=\"frm-cf-turnstile\" data-sitekey=\"0x4AAAAAAAy0i-FvMjNoI3oV\" data-language=\"de\" data-size=\"normal\" data-theme=\"light\"><\/div>\r\n\t\r\n\t\r\n<\/div>\n<div id=\"frm_field_166_container\" class=\"frm_form_field form-field  frm12 frm_first\">\r\n\t<div class=\"frm_submit frm_flex\">\r\n<button class=\"frm_button_submit frm_final_submit\" type=\"submit\"   formnovalidate=\"formnovalidate\">Absenden<\/button>\r\n\r\n\r\n\r\n<\/div>\r\n<\/div>\n\t<input type=\"hidden\" name=\"item_key\" value=\"\" \/>\n\t\t\t<div id=\"frm_field_1049_container\">\n\t\t\t<label for=\"field_rajog\" >\n\t\t\t\tFalls Du menschlich bist, lasse dieses Feld leer.\t\t\t<\/label>\n\t\t\t<input  id=\"field_rajog\" type=\"text\" class=\"frm_form_field form-field frm_verify\" name=\"item_meta[1049]\" value=\"\"  \/>\n\t\t<\/div>\n\t\t<input name=\"frm_state\" type=\"hidden\" value=\"RVTbUnMdNSMn2VsS5VZlw5XS+diOZKIyiF2a4KYl2HYwjDPR3Y2kh1GUs7zIbG6AJ8hFvnkCQwuQHSI3VkxcFcjP3QHWe1K\/NhCUoFmtI\/+ivxQfrqxOd7cYw7co1nubVUuQ+7mo4ZweOXvETs6FFA==\" \/><\/div>\n<\/fieldset>\n<\/div>\n\n<\/form>\n<\/div>\n","protected":false},"excerpt":{"rendered":"<p>Angebot f\u00fcr FLIEGENGITTER<\/p>\n","protected":false},"author":1,"featured_media":0,"parent":0,"menu_order":0,"comment_status":"closed","ping_status":"closed","template":"","meta":{"_crdt_document":"","_kad_post_transparent":"","_kad_post_title":"","_kad_post_layout":"","_kad_post_sidebar_id":"","_kad_post_content_style":"","_kad_post_vertical_padding":"","_kad_post_feature":"","_kad_post_feature_position":"","_kad_post_header":false,"_kad_post_footer":false,"_kad_post_classname":"","footnotes":""},"class_list":["post-3935","page","type-page","status-publish","hentry"],"_links":{"self":[{"href":"https:\/\/e-alouminio.gr\/de\/wp-json\/wp\/v2\/pages\/3935","targetHints":{"allow":["GET"]}}],"collection":[{"href":"https:\/\/e-alouminio.gr\/de\/wp-json\/wp\/v2\/pages"}],"about":[{"href":"https:\/\/e-alouminio.gr\/de\/wp-json\/wp\/v2\/types\/page"}],"author":[{"embeddable":true,"href":"https:\/\/e-alouminio.gr\/de\/wp-json\/wp\/v2\/users\/1"}],"replies":[{"embeddable":true,"href":"https:\/\/e-alouminio.gr\/de\/wp-json\/wp\/v2\/comments?post=3935"}],"version-history":[{"count":0,"href":"https:\/\/e-alouminio.gr\/de\/wp-json\/wp\/v2\/pages\/3935\/revisions"}],"wp:attachment":[{"href":"https:\/\/e-alouminio.gr\/de\/wp-json\/wp\/v2\/media?parent=3935"}],"curies":[{"name":"wp","href":"https:\/\/api.w.org\/{rel}","templated":true}]}}