{"id":3934,"date":"2024-10-24T09:53:19","date_gmt":"2024-10-24T06:53:19","guid":{"rendered":"https:\/\/e-alouminio.gr\/angebot-service\/"},"modified":"2025-01-02T11:29:41","modified_gmt":"2025-01-02T09:29:41","slug":"angebot-service","status":"publish","type":"page","link":"https:\/\/e-alouminio.gr\/de\/angebot-service\/","title":{"rendered":"Angebot &#8211; Service"},"content":{"rendered":"<style>.wp-block-kadence-advancedheading.kt-adv-heading3410_4a5392-82, .wp-block-kadence-advancedheading.kt-adv-heading3410_4a5392-82[data-kb-block=\"kb-adv-heading3410_4a5392-82\"]{font-size:33px;font-style:normal;}.wp-block-kadence-advancedheading.kt-adv-heading3410_4a5392-82 mark.kt-highlight, .wp-block-kadence-advancedheading.kt-adv-heading3410_4a5392-82[data-kb-block=\"kb-adv-heading3410_4a5392-82\"] mark.kt-highlight{font-style:normal;color:#f76a0c;-webkit-box-decoration-break:clone;box-decoration-break:clone;padding-top:0px;padding-right:0px;padding-bottom:0px;padding-left:0px;}.wp-block-kadence-advancedheading.kt-adv-heading3410_4a5392-82 img.kb-inline-image, .wp-block-kadence-advancedheading.kt-adv-heading3410_4a5392-82[data-kb-block=\"kb-adv-heading3410_4a5392-82\"] img.kb-inline-image{width:150px;vertical-align:baseline;}@media all and (max-width: 767px){.wp-block-kadence-advancedheading.kt-adv-heading3410_4a5392-82, .wp-block-kadence-advancedheading.kt-adv-heading3410_4a5392-82[data-kb-block=\"kb-adv-heading3410_4a5392-82\"]{font-size:22px;}}<\/style>\n<h2 class=\"kt-adv-heading3410_4a5392-82 wp-block-kadence-advancedheading\" data-kb-block=\"kb-adv-heading3410_4a5392-82\"><strong>Angebot f\u00fcr SERVICE<\/strong><\/h2>\n<div class=\"frm_forms  with_frm_style frm_style_formidable-style-3\" id=\"frm_form_8_container\" data-token=\"53007e26f989021d9efb19642968a73f\">\n<form enctype=\"multipart\/form-data\" method=\"post\" class=\"frm-show-form  frm_pro_form \" id=\"form_9m59v222\" data-token=\"53007e26f989021d9efb19642968a73f\">\n<div class=\"frm_form_fields \">\n<fieldset>\n<legend class=\"frm_screen_reader\">Offer Service<\/legend>\r\n\r\n<div class=\"frm_fields_container\">\n<input type=\"hidden\" name=\"frm_action\" value=\"create\" \/>\n<input type=\"hidden\" name=\"form_id\" value=\"8\" \/>\n<input type=\"hidden\" name=\"frm_hide_fields_8\" id=\"frm_hide_fields_8\" value=\"\" \/>\n<input type=\"hidden\" name=\"form_key\" value=\"9m59v222\" \/>\n<input type=\"hidden\" name=\"item_meta[0]\" value=\"\" \/>\n<input type=\"hidden\" id=\"frm_submit_entry_8\" name=\"frm_submit_entry_8\" value=\"5cb9643cbd\" \/><input type=\"hidden\" name=\"_wp_http_referer\" value=\"\/de\/wp-json\/wp\/v2\/pages\/3934\" \/><div id=\"frm_field_167_container\" class=\"frm_form_field  frm_html_container form-field\">\n<p style=\"font-size: 22px; color: #000000; font-weight: 400px; font-family: manrope;\">Rahmenhersteller: <\/p>\n<\/div>\n\t\t<input  type=\"hidden\" name=\"item_meta[168]\" id=\"field_rt56w32\" value=\"\"     \/>\n\t\t\t\t<input  type=\"hidden\" name=\"item_meta[169]\" id=\"field_qpl0l32\" value=\"\"     \/>\n\t\t\t\t<input  type=\"hidden\" name=\"item_meta[170]\" id=\"field_jzeu332\" value=\"\"     \/>\n\t\t\t\t<input  type=\"hidden\" name=\"item_meta[171]\" id=\"field_3z1uk32\" value=\"\"     \/>\n\t\t<div id=\"frm_field_172_container\" class=\"frm_form_field frm_section_heading form-field \">\r\n<h3 class=\"frm_pos_top frm_section_spacing\">Details zum Angebot<\/h3>\r\n\r\n\r\n<div id=\"frm_field_173_container\" class=\"frm_form_field form-field  frm_required_field frm_top_container frm6 frm_first\">\r\n\t<label for=\"field_21qmv3\" id=\"field_21qmv3_label\" class=\"frm_primary_label\">Service Beschreibung\r\n\t\t<span class=\"frm_required\" aria-hidden=\"true\">*<\/span>\r\n\t<\/label>\r\n\t<textarea name=\"item_meta[173]\" id=\"field_21qmv3\" rows=\"5\"  data-sectionid=\"172\"  data-reqmsg=\"Service Beschreibung cannot be blank.\" aria-required=\"true\" data-invmsg=\"Service Beschreibung is invalid\" aria-invalid=\"false\"  ><\/textarea>\r\n\t\r\n\t\r\n<\/div>\n<div id=\"frm_field_174_container\" class=\"frm_form_field form-field  frm_top_container frm6\">\r\n\t<label for=\"field_8tpbb3\" id=\"field_8tpbb3_label\" class=\"frm_primary_label\">Fotos des Ortes\r\n\t\t<span class=\"frm_required\" aria-hidden=\"true\"><\/span>\r\n\t<\/label>\r\n\t<input type=\"hidden\"  data-sectionid=\"172\"  data-invmsg=\"Fotos des Ortes is invalid\" aria-invalid=\"false\"   name=\"item_meta[174][]\"  value=\"\" data-frmfile=\"174\" \/>\n\n<div class=\"frm_dropzone frm_multi_upload frm_clearfix\" id=\"file174_dropzone\" role=\"group\"  aria-describedby=\"frm_desc_field_8tpbb3\">\n\t<div class=\"fallback\">\n\t\t<input type=\"file\" name=\"file174[]\" id=\"field_8tpbb3\"\n\t\t\t data-frmfile=\"174\" multiple=\"multiple\"  data-sectionid=\"172\"  data-invmsg=\"Fotos des Ortes is invalid\" aria-invalid=\"false\"  \t\t\t\/>\n\t\t\t\t<div class=\"frm_clearfix \"><\/div>\n\t<\/div>\n\t<div class=\"dz-message needsclick\">\n\t\t\t\t<svg  viewBox=\"0 0 18 18\" class=\"frmsvg frm-svg-icon\">\n\t<path viewBox=\"0 0 18 18\" fill-rule=\"evenodd\" clip-rule=\"evenodd\" d=\"M8.2 4v8a.8.8 0 001.5 0V4l2.1 2.2A.7.7 0 1013 5L9.5 1.7a.7.7 0 00-1.1 0L5.1 5.2a.8.8 0 001 1l2.1-2zm7.6 4.3c.4 0 .7.3.7.7v6.8c0 .4-.3.7-.8.7H2.3a.8.8 0 01-.8-.8V9A.8.8 0 013 9v6h12V9c0-.4.3-.8.8-.8z\"><\/path>\n<\/svg>\t\t<span class=\"frm_upload_text\"><button type=\"button\" aria-label=\"Fotos des Ortes. Hinterlegen Sie hier Ihre Datei oder klicken Sie zur Auswahl. Maximale Dateigr\u00f6\u00dfe: 268.44MB\">Hinterlegen Sie hier Ihre Datei oder klicken Sie zur Auswahl<\/button><\/span>\n\t\t<span class=\"frm_compact_text\"><button type=\"button\" aria-label=\"Fotos des Ortes. Datei ausw\u00e4hlen. Maximale Dateigr\u00f6\u00dfe: 268.44MB\">Datei ausw\u00e4hlen<\/button><\/span>\n\t\t<div class=\"frm_small_text\">\n\t\t\t<p>Maximale Dateigr\u00f6\u00dfe: 268.44MB<\/p>\n\t\t<\/div>\n\t<\/div>\n<\/div>\n\t\r\n\t<div class=\"frm_description\" id=\"frm_desc_field_8tpbb3\">Anhand der Fotos kann sich der Rahmenhersteller ein besseres Bild von dem Raum machen und Ihnen ein umfassenderes Angebot machen.<\/div>\r\n\t\r\n<\/div>\n<\/div>\n<div id=\"frm_field_176_container\" class=\"frm_form_field frm_section_heading form-field \">\r\n<h3 class=\"frm_pos_top frm_section_spacing\">Zeit, die zu Ihnen passen<\/h3>\r\n\r\n\r\n<div id=\"frm_field_177_container\" class=\"frm_form_field form-field  frm_none_container frm_four_col\">\r\n\t<div  id=\"field_weq5832_label\" class=\"frm_primary_label\">Zeit, die zu Ihnen passen\r\n\t\t<span class=\"frm_required\" aria-hidden=\"true\"><\/span>\r\n\t<\/div>\r\n\t<div class=\"frm_opt_container\" aria-labelledby=\"field_weq5832_label\" role=\"group\">\t\t<div class=\"frm_checkbox\" id=\"frm_checkbox_177-176-0\">\t\t\t<label  for=\"field_weq5832-0\">\n\t\t\t<input type=\"checkbox\" name=\"item_meta[177][]\" id=\"field_weq5832-0\" value=\"08:00 - 11:00\"  data-sectionid=\"176\"  data-invmsg=\"Zeit, die zu Ihnen passen ist ung\u00fcltig\"   \/> 08:00 &#8211; 11:00<\/label><\/div>\n\t\t<div class=\"frm_checkbox\" id=\"frm_checkbox_177-176-1\">\t\t\t<label  for=\"field_weq5832-1\">\n\t\t\t<input type=\"checkbox\" name=\"item_meta[177][]\" id=\"field_weq5832-1\" value=\"11:00 - 14:00\"  data-sectionid=\"176\"  data-invmsg=\"Zeit, die zu Ihnen passen ist ung\u00fcltig\"   \/> 11:00 &#8211; 14:00<\/label><\/div>\n\t\t<div class=\"frm_checkbox\" id=\"frm_checkbox_177-176-2\">\t\t\t<label  for=\"field_weq5832-2\">\n\t\t\t<input type=\"checkbox\" name=\"item_meta[177][]\" id=\"field_weq5832-2\" value=\"14:00 - 17:00\"  data-sectionid=\"176\"  data-invmsg=\"Zeit, die zu Ihnen passen ist ung\u00fcltig\"   \/> 14:00 &#8211; 17:00<\/label><\/div>\n\t\t<div class=\"frm_checkbox\" id=\"frm_checkbox_177-176-3\">\t\t\t<label  for=\"field_weq5832-3\">\n\t\t\t<input type=\"checkbox\" name=\"item_meta[177][]\" id=\"field_weq5832-3\" value=\"17:00 - 20:00\"  data-sectionid=\"176\"  data-invmsg=\"Zeit, die zu Ihnen passen ist ung\u00fcltig\"   \/> 17:00 &#8211; 20:00<\/label><\/div>\n<\/div>\r\n\t\r\n\t\r\n<\/div>\n<\/div>\n<div id=\"frm_field_179_container\" class=\"frm_form_field frm_section_heading form-field \">\r\n<h3 class=\"frm_pos_top frm_section_spacing\">Kontaktangaben<\/h3>\r\n\r\n\r\n<div id=\"frm_field_180_container\" class=\"frm_form_field form-field  frm_required_field frm_top_container frm_first frm_half\">\r\n\t<div  id=\"field_j2nzb32_label\" class=\"frm_primary_label\">Name\r\n\t\t<span class=\"frm_required\" aria-hidden=\"true\">*<\/span>\r\n\t<\/div>\r\n\t<fieldset aria-labelledby=\"field_j2nzb32_label\">\n\t<legend class=\"frm_screen_reader frm_hidden\">\n\t\tName\t<\/legend>\n\n\t<div  class=\"frm_combo_inputs_container\" id=\"frm_combo_inputs_container_180\" data-name-layout=\"last_first\">\n\t\t\t\t\t<div\n\t\t\t\tid=\"frm_field_180-last_container\"\n\t\t\t\tclass=\"frm_form_field form-field frm_form_subfield-last  frm6\"\n\t\t\t\tdata-sub-field-name=\"last\"\n\t\t\t>\n\t\t\t\t<label for=\"field_j2nzb32_last\" class=\"frm_screen_reader frm_hidden\">\n\t\t\t\t\tName\t\t\t\t<\/label>\n\n\t\t\t\t<input  type=\"text\" id=\"field_j2nzb32_last\" value=\"\" name=\"item_meta[180][last]\" autocomplete=\"family-name\" data-sectionid=\"179\"  placeholder=\"Nachname\" data-reqmsg=\"Name cannot be blank.\" aria-required=\"true\" data-invmsg=\"Name ist ung\u00fcltig\" aria-invalid=\"false\"  \/>\t\t\t<\/div>\n\t\t\t\t\t\t<div\n\t\t\t\tid=\"frm_field_180-first_container\"\n\t\t\t\tclass=\"frm_form_field form-field frm_form_subfield-first  frm6\"\n\t\t\t\tdata-sub-field-name=\"first\"\n\t\t\t>\n\t\t\t\t<label for=\"field_j2nzb32_first\" class=\"frm_screen_reader frm_hidden\">\n\t\t\t\t\tName\t\t\t\t<\/label>\n\n\t\t\t\t<input  type=\"text\" id=\"field_j2nzb32_first\" value=\"\" name=\"item_meta[180][first]\" autocomplete=\"given-name\" data-sectionid=\"179\"  placeholder=\"Vorname\" data-reqmsg=\"Name cannot be blank.\" aria-required=\"true\" data-invmsg=\"Name ist ung\u00fcltig\" aria-invalid=\"false\"  \/>\t\t\t<\/div>\n\t\t\t\t<\/div>\n<\/fieldset>\n\r\n\t\r\n\t\r\n<\/div>\n<div id=\"frm_field_181_container\" class=\"frm_form_field form-field  frm_required_field frm_top_container frm_first frm_fourth\">\r\n\t<label for=\"field_qm1em32\" id=\"field_qm1em32_label\" class=\"frm_primary_label\">Email\r\n\t\t<span class=\"frm_required\" aria-hidden=\"true\">*<\/span>\r\n\t<\/label>\r\n\t<input type=\"email\" id=\"field_qm1em32\" name=\"item_meta[181]\" value=\"\"  data-sectionid=\"179\"  autocomplete=\"email\"  data-reqmsg=\"Email cannot be blank.\" aria-required=\"true\" data-invmsg=\"Email is invalid\" aria-invalid=\"false\"  \/>\r\n\t\r\n\t\r\n<\/div>\n<div id=\"frm_field_182_container\" class=\"frm_form_field form-field  frm_required_field frm_top_container frm_fourth\">\r\n\t<label for=\"field_zb8ij32\" id=\"field_zb8ij32_label\" class=\"frm_primary_label\">Telefon\r\n\t\t<span class=\"frm_required\" aria-hidden=\"true\">*<\/span>\r\n\t<\/label>\r\n\t<input type=\"tel\" id=\"field_zb8ij32\" name=\"item_meta[182]\" value=\"\"  data-sectionid=\"179\"  data-frmmask=\"000-000-0000\" data-reqmsg=\"Telefon cannot be blank.\" aria-required=\"true\" data-invmsg=\"Telefon is invalid\" aria-invalid=\"false\" pattern=\"\\d\\d\\d-\\d\\d\\d-\\d\\d\\d\\d$\"  \/>\r\n\t\r\n\t\r\n<\/div>\n<div id=\"frm_field_209_container\" class=\"frm_form_field form-field  frm_top_container frm_half\">\r\n\t<label for=\"field_41w6i\" id=\"field_41w6i_label\" class=\"frm_primary_label\">\u03a0\u03b5\u03c1\u03b9\u03bf\u03c7\u03ae\r\n\t\t<span class=\"frm_required\" aria-hidden=\"true\"><\/span>\r\n\t<\/label>\r\n\t<input  type=\"text\" id=\"field_41w6i\" name=\"item_meta[209]\" value=\"\"  data-sectionid=\"179\"  data-invmsg=\"\u03a0\u03b5\u03c1\u03b9\u03bf\u03c7\u03ae is invalid\" aria-invalid=\"false\"   \/>\r\n\t\r\n\t\r\n<\/div>\n<\/div>\n<div id=\"frm_field_184_container\" class=\"frm_form_field  frm_html_container form-field\"><img loading=\"lazy\" decoding=\"async\" style=\"margin-top:30px; margin-bottom: 10px;\" src=\"\/wp-content\/uploads\/2024\/11\/grey-line-075.jpg\" alt=\"\" width=\"1280\" height=\"1\" class=\"alignnone size-full wp-image-3552\" \/><\/div>\n<div id=\"frm_field_185_container\" class=\"frm_form_field form-field  frm_required_field frm_none_container vertical_radio\">\r\n\t<div  id=\"field_9qki8_label\" class=\"frm_primary_label\">DSGVO\r\n\t\t<span class=\"frm_required\" aria-hidden=\"true\">*<\/span>\r\n\t<\/div>\r\n\t<div class=\"frm_opt_container\" aria-labelledby=\"field_9qki8_label\" role=\"group\">\t\t<div class=\"frm_checkbox\" id=\"frm_checkbox_185-0\">\t\t\t<label  for=\"field_9qki8-0\">\n\t\t\t<input type=\"checkbox\" name=\"item_meta[185][]\" id=\"field_9qki8-0\" value=\"GDPR: \u03a3\u03c5\u03bd\u03b1\u03af\u03bd\u03b5\u03c3\u03b7\"  data-reqmsg=\"DSGVO Das Feld ist obligatorisch.\" data-invmsg=\"DSGVO ist ung\u00fcltig\"   aria-required=\"true\"  \/> Ich bin mit den <a href=\"https:\/\/e-alouminio.gr\/de\/richtlinie-zum-schutz-der-privatsphaere-und-persoenlicher-daten\/\">Datenschutzbestimmungen<\/a> einverstanden<\/label><\/div>\n<\/div>\r\n\t\r\n\t\r\n<\/div>\n<div id=\"frm_field_186_container\" class=\"frm_form_field  frm_html_container form-field\"><\/div>\n\t\t<input  type=\"hidden\" name=\"item_meta[187]\" id=\"field_npbzg\" value=\"de\"  data-frmval=\"de\"   \/>\n\t\t<div id=\"frm_field_188_container\" class=\"frm_form_field form-field  frm_none_container\">\r\n\t<label for=\"cf-turnstile-response\" id=\"field_x0wc2_label\" class=\"frm_primary_label\">Captcha\r\n\t\t<span class=\"frm_required\" aria-hidden=\"true\"><\/span>\r\n\t<\/label>\r\n\t<div  id=\"field_x0wc2\" class=\"frm-cf-turnstile\" data-sitekey=\"0x4AAAAAAAy0i-FvMjNoI3oV\" data-language=\"de\" data-size=\"normal\" data-theme=\"light\"><\/div>\r\n\t\r\n\t\r\n<\/div>\n<div id=\"frm_field_189_container\" class=\"frm_form_field form-field  frm12 frm_first\">\r\n\t<div class=\"frm_submit frm_flex\">\r\n<button class=\"frm_button_submit frm_final_submit\" type=\"submit\"   formnovalidate=\"formnovalidate\">Absenden<\/button>\r\n\r\n\r\n\r\n<\/div>\r\n<\/div>\n\t<input type=\"hidden\" name=\"item_key\" value=\"\" \/>\n\t\t\t<div id=\"frm_field_1049_container\">\n\t\t\t<label for=\"field_erq77\" >\n\t\t\t\tFalls Du menschlich bist, lasse dieses Feld leer.\t\t\t<\/label>\n\t\t\t<input  id=\"field_erq77\" type=\"text\" class=\"frm_form_field form-field frm_verify\" name=\"item_meta[1049]\" value=\"\"  \/>\n\t\t<\/div>\n\t\t<input name=\"frm_state\" type=\"hidden\" value=\"RVTbUnMdNSMn2VsS5VZlw1bXSBIjSCoNCpdcoOuvA7owjDPR3Y2kh1GUs7zIbG6AJ8hFvnkCQwuQHSI3VkxcFcjP3QHWe1K\/NhCUoFmtI\/+ivxQfrqxOd7cYw7co1nubVUuQ+7mo4ZweOXvETs6FFA==\" \/><\/div>\n<\/fieldset>\n<\/div>\n\n<\/form>\n<\/div>\n","protected":false},"excerpt":{"rendered":"<p>Angebot f\u00fcr SERVICE<\/p>\n","protected":false},"author":1,"featured_media":0,"parent":0,"menu_order":0,"comment_status":"closed","ping_status":"closed","template":"","meta":{"_crdt_document":"","_kad_post_transparent":"","_kad_post_title":"","_kad_post_layout":"","_kad_post_sidebar_id":"","_kad_post_content_style":"","_kad_post_vertical_padding":"","_kad_post_feature":"","_kad_post_feature_position":"","_kad_post_header":false,"_kad_post_footer":false,"_kad_post_classname":"","footnotes":""},"class_list":["post-3934","page","type-page","status-publish","hentry"],"_links":{"self":[{"href":"https:\/\/e-alouminio.gr\/de\/wp-json\/wp\/v2\/pages\/3934","targetHints":{"allow":["GET"]}}],"collection":[{"href":"https:\/\/e-alouminio.gr\/de\/wp-json\/wp\/v2\/pages"}],"about":[{"href":"https:\/\/e-alouminio.gr\/de\/wp-json\/wp\/v2\/types\/page"}],"author":[{"embeddable":true,"href":"https:\/\/e-alouminio.gr\/de\/wp-json\/wp\/v2\/users\/1"}],"replies":[{"embeddable":true,"href":"https:\/\/e-alouminio.gr\/de\/wp-json\/wp\/v2\/comments?post=3934"}],"version-history":[{"count":0,"href":"https:\/\/e-alouminio.gr\/de\/wp-json\/wp\/v2\/pages\/3934\/revisions"}],"wp:attachment":[{"href":"https:\/\/e-alouminio.gr\/de\/wp-json\/wp\/v2\/media?parent=3934"}],"curies":[{"name":"wp","href":"https:\/\/api.w.org\/{rel}","templated":true}]}}