{"id":2661,"date":"2024-01-03T13:43:16","date_gmt":"2024-01-03T11:43:16","guid":{"rendered":"https:\/\/e-alouminio.gr\/richtlinie-zum-schutz-der-privatsphaere-und-persoenlicher-daten\/"},"modified":"2024-06-19T12:19:38","modified_gmt":"2024-06-19T09:19:38","slug":"richtlinie-zum-schutz-der-privatsphaere-und-persoenlicher-daten","status":"publish","type":"page","link":"https:\/\/e-alouminio.gr\/de\/richtlinie-zum-schutz-der-privatsphaere-und-persoenlicher-daten\/","title":{"rendered":"Richtlinie zum Schutz der Privatsph\u00e4re und pers\u00f6nlicher Daten"},"content":{"rendered":"\n<hr class=\"wp-block-separator has-text-color has-theme-palette-9-color has-alpha-channel-opacity has-theme-palette-9-background-color has-background\"\/>\n\n<p class=\"wp-block-paragraph\" style=\"font-size:15px;line-height:1.7\"><strong>1. Wer ist f\u00fcr Ihre Daten verantwortlich? Wohin k\u00f6nnen Sie sich wenden, um Ihre Rechte wahrzunehmen?<\/strong><\/p>\n\n<p class=\"wp-block-paragraph\" style=\"font-size:15px;line-height:1.7\">1.1. Verantwortlich f\u00fcr die Verarbeitung Ihrer Daten ist das Unternehmen &#8222;GALATA THEODORA&#8220;, mit Sitz in Argyroupoli, Attika und gesetzlich vertreten, mit der Telefonnummer 210-9952961-2 und dem E-Mail-Kontakt info@e-alouminio.gr (&#8222;das Unternehmen&#8220;).<\/p>\n\n<p class=\"wp-block-paragraph\" style=\"font-size:15px;line-height:1.7\">1.2. Die oben genannte Firma hat einen Datenschutzbeauftragten ernannt, dessen E-Mail-Adresse info@e-alouminio.gr lautet. Sie k\u00f6nnen alle Anfragen zur Aus\u00fcbung Ihrer Rechte (unter 3.1 bis 3.7) unten an die E-Mail-Adresse des Datenschutzbeauftragten richten.<\/p>\n\n<p class=\"wp-block-paragraph\" style=\"font-size:15px;line-height:1.7\"><strong>2. Allgemeine Grunds\u00e4tze des Unternehmens in Bezug auf diese Informationen<\/strong><\/p>\n\n<p class=\"wp-block-paragraph\" style=\"font-size:15px;line-height:1.7\">2.1. Alle Informationen, die wir Ihnen mit diesem Dokument zur Verf\u00fcgung stellen, und alle Informationen, die Sie in Zukunft anfordern, werden kostenlos zur Verf\u00fcgung gestellt, vorausgesetzt, dass die Anforderung nicht wiederholt, \u00fcbertrieben oder offensichtlich ungerechtfertigt ist (siehe mehr unter 2.3.)<\/p>\n\n<p class=\"wp-block-paragraph\" style=\"font-size:15px;line-height:1.7\">2.2. F\u00fcr jedes der oben genannten Rechte, das Sie aus\u00fcben, antwortet das Unternehmen Ihnen innerhalb eines (1) Monats nach Eingang der Anfrage oder im Falle objektiver Schwierigkeiten, der Komplexit\u00e4t der Anfrage oder der Anzahl der Anfragen innerhalb einer maximalen Frist von insgesamt drei (3) Monaten entweder \u00fcber die Erledigung Ihrer Anfrage oder \u00fcber die begr\u00fcndete Ablehnung dessen, was Sie aus den in der Allgemeinen Verordnung 679\/2016 ausdr\u00fccklich genannten legitimen Gr\u00fcnden angefordert haben.<\/p>\n\n<p class=\"wp-block-paragraph\" style=\"font-size:15px;line-height:1.7\">2.3. Falls das Unternehmen der Ansicht ist, dass eines der oben genannten Rechte auf offensichtlich unbegr\u00fcndete Weise ausge\u00fcbt wird oder die Anfrage \u00fcberm\u00e4\u00dfig oder (noch mehr) wiederholt ist, ist es berechtigt, eine angemessene Geb\u00fchr f\u00fcr die Bereitstellung weiterer Informationen zu erheben (die im Prinzip kostenlos ist) und die Weiterverfolgung der Anfrage abzulehnen.<\/p>\n\n<p class=\"wp-block-paragraph\" style=\"font-size:15px;line-height:1.7\">2.4. Falls das Unternehmen begr\u00fcndete Zweifel an Ihrer Identit\u00e4t hat, wenn Sie eine Anfrage zur Aus\u00fcbung eines der oben genannten Rechte stellen, kann es zus\u00e4tzliche Informationen anfordern, die zur Best\u00e4tigung Ihrer Identit\u00e4t erforderlich sind, bevor es die Anfrage bearbeitet.<\/p>\n\n<p class=\"wp-block-paragraph\" style=\"font-size:15px;line-height:1.7\">2.5 Falls das Unternehmen die Beantwortung Ihrer Anfrage \u00fcber den berechtigten Zeitraum hinaus verz\u00f6gert und in jedem Fall, in dem Sie der Meinung sind, dass Ihre Rechte verletzt werden oder das Unternehmen seinen Datenschutzverpflichtungen nicht nachkommt, haben Sie das Recht, eine Beschwerde bei der Aufsichtsbeh\u00f6rde einzureichen. (Beh\u00f6rde f\u00fcr personenbezogene Daten, Athen Kifissias 1-3, P.C. 115 23, Athen, Griechenland, contact@dpa.gr, +30-210 6475600.<\/p>\n\n<p class=\"wp-block-paragraph\" style=\"font-size:15px;line-height:1.7\">2.6. Sie haben das Recht, Ihre Zustimmung (falls vorhanden) jederzeit zu widerrufen, indem Sie eine schriftliche Anfrage an die E-Mail-Adresse des Datenschutzbeauftragten info@e-alouminio.gr richten. ( siehe 1.2.)<\/p>\n\n<p class=\"wp-block-paragraph\" style=\"font-size:15px;line-height:1.7\"><strong>3. Welche Rechte haben Sie in Bezug auf die pers\u00f6nlichen Daten, die Sie uns zur Verf\u00fcgung gestellt haben?<\/strong><\/p>\n\n<p class=\"wp-block-paragraph\" style=\"font-size:15px;line-height:1.7\">3.1. Auskunftsrecht Sie haben das Recht, Auskunft \u00fcber die personenbezogenen Daten zu verlangen, die wir von Ihnen erhalten haben und die wir f\u00fcr einen oder mehrere der unten unter A bis D beschriebenen Zwecke speichern. Dieses Dokument in seiner Gesamtheit ist ein Leitfaden f\u00fcr grundlegende Informationen und das Verst\u00e4ndnis der Philosophie des rechtlichen Rahmens, der den Schutz Ihrer pers\u00f6nlichen Daten regelt. Aktualisierungen, Vertiefungen und Klarstellungen dieses Textes k\u00f6nnen Ihnen auf Anfrage im Rahmen der Aus\u00fcbung des Rechts auf Information zur Verf\u00fcgung gestellt werden. (siehe wie in 1.2)<\/p>\n\n<p class=\"wp-block-paragraph\" style=\"font-size:15px;line-height:1.7\">3.2. Auskunftsrecht Sie haben das Recht, von unserem Unternehmen Auskunft \u00fcber Ihre bei uns gespeicherten Daten und eine Best\u00e4tigung dar\u00fcber zu verlangen, ob diese verarbeitet werden, und insbesondere Informationen \u00fcber die Zwecke der Verarbeitung, die Kategorien personenbezogener Daten, die Empf\u00e4nger oder Kategorien von Empf\u00e4ngern, die Dauer der Speicherung und Verarbeitung, das Bestehen eines Beschwerderechts bei der Datenschutzbeh\u00f6rde, alle verf\u00fcgbaren Informationen \u00fcber die Herkunft der Daten, wenn (siehe wie in 1.2.)<\/p>\n\n<p class=\"wp-block-paragraph\" style=\"font-size:15px;line-height:1.7\">3.3. Recht auf Berichtigung Sie haben das Recht, von unserem Unternehmen die Berichtigung Ihrer Daten zu verlangen, falls sich die Daten, f\u00fcr die wir das Recht zur Verarbeitung haben, ge\u00e4ndert haben oder falsch erfasst wurden. (siehe wie in 1.2.)<\/p>\n\n<p class=\"wp-block-paragraph\" style=\"font-size:15px;line-height:1.7\">3.4. Recht auf L\u00f6schung Sie haben das Recht, von unserem Unternehmen die vollst\u00e4ndige oder teilweise L\u00f6schung Ihrer Daten zu verlangen, die wir aufbewahren und verarbeiten d\u00fcrfen, entweder weil sie f\u00fcr die Zwecke, f\u00fcr die sie erhoben wurden, nicht mehr erforderlich sind, oder weil Sie Ihre Einwilligung widerrufen haben, oder weil die Daten f\u00fcr einen Zweck erhoben wurden, den Sie f\u00fcr unrechtm\u00e4\u00dfig halten. Unser Unternehmen wird Ihnen innerhalb einer angemessenen Frist (nicht mehr als einen Monat und unter bestimmten Umst\u00e4nden, wenn es Schwierigkeiten gibt, insgesamt nicht mehr als drei Monate) antworten und die vollst\u00e4ndige oder teilweise L\u00f6schung Ihrer Daten best\u00e4tigen bzw. die Unm\u00f6glichkeit der L\u00f6schung bestimmter Daten best\u00e4tigen, wenn ein Gesetz oder die Erf\u00fcllung einer Pflicht im \u00f6ffentlichen Interesse oder das Recht auf freie Meinungs\u00e4u\u00dferung und Information oder die Aus\u00fcbung oder Unterst\u00fctzung eines Rechtsanspruchs deren Aufbewahrung erfordert. In diesem Fall k\u00f6nnen Sie sich zum einen bei der Aufsichtsbeh\u00f6rde beschweren und zum anderen rechtliche Schritte einleiten. (siehe wie in 1.2.)<\/p>\n\n<p class=\"wp-block-paragraph\" style=\"font-size:15px;line-height:1.7\">3.5. Recht auf Einschr\u00e4nkung Sie haben das Recht, von unserem Unternehmen eine Einschr\u00e4nkung der Verarbeitung Ihrer Daten zu verlangen, und zwar quantitativ, zeitlich oder in Bezug auf den Zweck ihrer Verarbeitung, und zwar (a) entweder, weil Sie die Richtigkeit Ihrer Daten anzweifeln, und zwar so lange, wie das Unternehmen braucht, um deren Richtigkeit zu best\u00e4tigen, (b) oder weil Sie die Verarbeitung f\u00fcr unrechtm\u00e4\u00dfig halten, aber anstelle der L\u00f6schung eine Einschr\u00e4nkung w\u00e4hlen (c) oder weil es f\u00fcr das Unternehmen nicht mehr notwendig ist, sie zu verwenden, Sie aber deren L\u00f6schung nicht w\u00fcnschen, da die L\u00f6schung Ihrer Daten nicht mehr notwendig ist. (siehe wie in 1.2.).<\/p>\n\n<p class=\"wp-block-paragraph\" style=\"font-size:15px;line-height:1.7\">3.6. Recht auf \u00dcbertragbarkeit. Sie haben das Recht, die personenbezogenen Daten, die Sie uns zur Verf\u00fcgung gestellt haben, in einem strukturierten, allgemein gebr\u00e4uchlichen und maschinenlesbaren Format zu erhalten und das Recht, diese ohne Widerspruch weiterzuleiten, da Ihre Daten auf der Grundlage einer Einwilligung verarbeitet werden. Im Rahmen der Aus\u00fcbung dieses Rechts haben Sie auch die M\u00f6glichkeit, eine direkte \u00dcbermittlung vom Unternehmen an den Dritten ohne Ihre Vermittlung zu verlangen. Dieses Recht unterliegt den Einschr\u00e4nkungen des Rechts auf L\u00f6schung (siehe oben unter 3.4.) und seine Aus\u00fcbung darf die Rechte und Freiheiten anderer nicht beeintr\u00e4chtigen. (siehe wie in 1.2.).<\/p>\n\n<p class=\"wp-block-paragraph\" style=\"font-size:15px;line-height:1.7\">3.7.<\/p>\n\n<p class=\"wp-block-paragraph\" style=\"font-size:15px;line-height:1.7\">3.7.1. Sie haben das Recht, der Verwendung Ihrer personenbezogenen Daten zum Zwecke des Direktmarketings zu widersprechen, insbesondere dem Profiling im Zusammenhang mit einem solchen Direktmarketing. (siehe wie in 1.2.).<\/p>\n\n<p class=\"wp-block-paragraph\" style=\"font-size:15px;line-height:1.7\">3.7.2. Es gibt kein entsprechendes Recht im Falle von Mitarbeitern\/interessierten Mitarbeitern und Besuchern des Firmengel\u00e4ndes, da diese Daten nicht an die Marketingabteilung \u00fcbermittelt werden und nicht als solche behandelt werden.<\/p>\n\n<p class=\"wp-block-paragraph\" style=\"font-size:15px;line-height:1.7\"><strong>4. K\u00f6nnen Ihre Daten an andere Stellen weitergeleitet werden?<\/strong><\/p>\n\n<p class=\"wp-block-paragraph\" style=\"font-size:15px;line-height:1.7\">Es ist nicht beabsichtigt, Ihre Daten an andere Organisationen als das Unternehmen und seine Tochtergesellschaften weiterzugeben, mit Ausnahme von (a) den Anbietern von Dienstleistungen zur Unterst\u00fctzung der elektronischen Systeme und Netzwerke unseres Unternehmens &#8211; und zwar ausschlie\u00dflich zum Zweck der Erf\u00fcllung des Vertrags zur Unterst\u00fctzung unseres Unternehmens &#8211; und (b) den zust\u00e4ndigen Steuerbeh\u00f6rden im Rahmen unserer obligatorischen Einhaltung der Steuergesetzgebung und in dem Ma\u00dfe (und unter der Bedingung), wie dies erforderlich ist.<\/p>\n\n<p class=\"wp-block-paragraph\" style=\"font-size:15px;line-height:1.7\"><strong>Garantien<\/strong><\/p>\n\n<p class=\"wp-block-paragraph\" style=\"font-size:15px;line-height:1.7\">Wir versichern Ihnen, dass das Unternehmen alle technischen und organisatorischen Ma\u00dfnahmen zum Schutz der Daten aussch\u00f6pfen wird und nur die optimale, minimale und absolut notwendige Nutzung und Verarbeitung der Daten vornimmt, die gesetzlich vorgeschrieben ist und streng und ausschlie\u00dflich zu dem Zweck erfolgt, f\u00fcr den Sie uns die Daten zur Verf\u00fcgung gestellt haben. Besondere Bestimmungen f\u00fcr die einzelnen Kategorien personenbezogener Daten, die mit den oben genannten allgemeinen Bestimmungen der Richtlinie kumulativ sind.<\/p>\n\n<p class=\"wp-block-paragraph\" style=\"font-size:15px;line-height:1.7\"><strong>(A) KOMMUNIKATIONSEMPF\u00c4NGER<\/strong><\/p>\n\n<p class=\"wp-block-paragraph\" style=\"font-size:15px;line-height:1.7\">\u0391.1. Zweck: Die Entgegennahme, Verarbeitung und Aufbewahrung Ihrer Daten, die ausschlie\u00dflich im Rahmen der Kommunikation zur Verf\u00fcgung gestellt werden, erfolgt zu dem ausschlie\u00dflichen Zweck, Sie \u00fcber die Produkte und Aktivit\u00e4ten des Unternehmens zu informieren. Alle Ihre Daten werden nur zu diesem Zweck aufbewahrt und nur von der Marketingabteilung des Unternehmens verarbeitet.<\/p>\n\n<p class=\"wp-block-paragraph\" style=\"font-size:15px;line-height:1.7\">\u0391.2.. Rechtm\u00e4\u00dfige Grundlage f\u00fcr die Verarbeitung: Die Rechtsgrundlage f\u00fcr die Verarbeitung Ihrer Daten ist Ihre Einwilligung in die Verarbeitung zur Erf\u00fcllung der jeweiligen oben genannten Zwecke gem\u00e4\u00df Art. 1(a) der Verordnung zum Schutz personenbezogener Daten.<\/p>\n\n<p class=\"wp-block-paragraph\" style=\"font-size:15px;line-height:1.7\">\u0391.3. Aufbewahrungsfrist: Zur Erf\u00fcllung des oben genannten Verarbeitungszwecks, d.h. um Sie \u00fcber unsere Produkte und Aktionen zu informieren, halten wir eine Aufbewahrungsfrist von drei (3) Jahren f\u00fcr angemessen und notwendig. Nach Ablauf von drei Jahren ab dem Zeitpunkt, an dem Sie Ihre Zustimmung gegeben haben, werden die entsprechenden Daten gel\u00f6scht, es sei denn, Sie geben unter den oben genannten Bedingungen erneut Ihre Zustimmung.<\/p>\n\n<p class=\"wp-block-paragraph\" style=\"font-size:15px;line-height:1.7\"><strong>(B) KUNDEN-SUPPLIZISTEN und UNF\u00c4HIGE KUNDEN-SUPPLIZISTEN<\/strong><\/p>\n\n<p class=\"wp-block-paragraph\" style=\"font-size:15px;line-height:1.7\">\u0392.1. Zweck &#8211; Rechtsgrundlage:<\/p>\n\n<p class=\"wp-block-paragraph\" style=\"font-size:15px;line-height:1.7\">(a) in der vorvertraglichen Phase, d.h. im Falle des Ausf\u00fcllens eines elektronischen Kontaktformulars auf unserer Website oder der direkten Kontaktaufnahme per E-Mail oder Telefon oder des Ausf\u00fcllens eines gedruckten Formulars (in diesem Fall geben Sie uns Ihren Namen\/ Ihre E-Mail-Adresse und\/oder Ihre Telefonnummer und\/oder Ihre Adresse und\/oder Ihre Immobilie und\/oder unsere Produkte, die Sie interessieren, an), besteht der Zweck darin, die M\u00f6glichkeit einer Transaktion mit dem Unternehmen zu pr\u00fcfen, und die legitime Grundlage ist das berechtigte Interesse des Unternehmens, seine kommerziellen Zwecke als Reaktion auf die Anfrage des Unternehmens zu verfolgen.<\/p>\n\n<p class=\"wp-block-paragraph\" style=\"font-size:15px;line-height:1.7\">(b) Im Falle einer Transaktion mit dem Unternehmen werden Ihre Daten, die Sie uns vorvertraglich zur Verf\u00fcgung gestellt haben (sowie die Daten, die Sie uns im Rahmen unserer Transaktion zur Verf\u00fcgung stellen werden), zum Zweck der Durchf\u00fchrung des Vertrags zwischen uns und der Einhaltung der Steuergesetzgebung verarbeitet. In diesem Fall ist die Rechtsgrundlage f\u00fcr die Verarbeitung die Erf\u00fcllung des Vertrags zwischen uns und die Einhaltung der gesetzlichen Bestimmungen (Art. 6(1b) und (1c) der Verordnung zum Schutz personenbezogener Daten.<\/p>\n\n<p class=\"wp-block-paragraph\" style=\"font-size:15px;line-height:1.7\">\u0392.2. Dauer der Datenspeicherung:<\/p>\n\n<p class=\"wp-block-paragraph\" style=\"font-size:15px;line-height:1.7\">Wir werden die oben unter B.1.(a) genannten Daten f\u00fcr f\u00fcnf (5) Jahre aufbewahren und dann l\u00f6schen. In Bezug auf das oben unter B.1.(b) Genannte werden die Daten so lange aufbewahrt, wie es die Steuergesetzgebung verlangt.<\/p>\n\n<p class=\"wp-block-paragraph\" style=\"font-size:15px;line-height:1.7\">\u0392.3. Insbesondere f\u00fcr die pers\u00f6nlichen Daten der Personen, die wir w\u00e4hrend der Messen erhalten, gilt die Datenschutzerkl\u00e4rung, die Bestandteil des &#8222;Teilnehmerformulars&#8220; ist, das die Interessenten ausf\u00fcllen m\u00fcssen.<\/p>\n","protected":false},"excerpt":{"rendered":"<p>1. Wer ist f\u00fcr Ihre Daten verantwortlich? Wohin k\u00f6nnen Sie sich wenden, um Ihre Rechte wahrzunehmen? 1.1. Verantwortlich f\u00fcr die Verarbeitung Ihrer Daten ist das Unternehmen &#8222;GALATA THEODORA&#8220;, mit Sitz in Argyroupoli, Attika und gesetzlich vertreten, mit der Telefonnummer 210-9952961-2 und dem E-Mail-Kontakt info@e-alouminio.gr (&#8222;das Unternehmen&#8220;). 1.2. Die oben genannte Firma hat einen Datenschutzbeauftragten ernannt,&#8230;<\/p>\n","protected":false},"author":4,"featured_media":0,"parent":0,"menu_order":0,"comment_status":"closed","ping_status":"closed","template":"","meta":{"_crdt_document":"","_kad_post_transparent":"disable","_kad_post_title":"show","_kad_post_layout":"","_kad_post_sidebar_id":"","_kad_post_content_style":"","_kad_post_vertical_padding":"","_kad_post_feature":"","_kad_post_feature_position":"","_kad_post_header":false,"_kad_post_footer":false,"_kad_post_classname":"","footnotes":""},"class_list":["post-2661","page","type-page","status-publish","hentry"],"_links":{"self":[{"href":"https:\/\/e-alouminio.gr\/de\/wp-json\/wp\/v2\/pages\/2661","targetHints":{"allow":["GET"]}}],"collection":[{"href":"https:\/\/e-alouminio.gr\/de\/wp-json\/wp\/v2\/pages"}],"about":[{"href":"https:\/\/e-alouminio.gr\/de\/wp-json\/wp\/v2\/types\/page"}],"author":[{"embeddable":true,"href":"https:\/\/e-alouminio.gr\/de\/wp-json\/wp\/v2\/users\/4"}],"replies":[{"embeddable":true,"href":"https:\/\/e-alouminio.gr\/de\/wp-json\/wp\/v2\/comments?post=2661"}],"version-history":[{"count":0,"href":"https:\/\/e-alouminio.gr\/de\/wp-json\/wp\/v2\/pages\/2661\/revisions"}],"wp:attachment":[{"href":"https:\/\/e-alouminio.gr\/de\/wp-json\/wp\/v2\/media?parent=2661"}],"curies":[{"name":"wp","href":"https:\/\/api.w.org\/{rel}","templated":true}]}}