{"id":2655,"date":"2024-01-03T14:05:53","date_gmt":"2024-01-03T12:05:53","guid":{"rendered":"https:\/\/e-alouminio.gr\/das-unternehmen\/"},"modified":"2025-03-14T15:17:28","modified_gmt":"2025-03-14T13:17:28","slug":"das-unternehmen","status":"publish","type":"page","link":"https:\/\/e-alouminio.gr\/de\/das-unternehmen\/","title":{"rendered":"Unternehmen"},"content":{"rendered":"<style>.kb-row-layout-id2655_359d1e-26 > .kt-row-column-wrap{align-content:start;}:where(.kb-row-layout-id2655_359d1e-26 > .kt-row-column-wrap) > .wp-block-kadence-column{justify-content:start;}.kb-row-layout-id2655_359d1e-26 > .kt-row-column-wrap{column-gap:var(--global-kb-gap-md, 2rem);row-gap:var(--global-kb-gap-md, 2rem);padding-top:150px;padding-bottom:150px;grid-template-columns:minmax(0, 1fr);}.kb-row-layout-id2655_359d1e-26{background-image:url('https:\/\/e-alouminio.gr\/wp-content\/uploads\/2024\/02\/cover_img_shadow_1400.jpg');background-size:cover;background-position:55.00000000000001% 0%;background-attachment:scroll;background-repeat:no-repeat;}.kb-row-layout-id2655_359d1e-26 > .kt-row-layout-overlay{opacity:0.50;background-color:var(--global-palette6, #718096);}@media all and (max-width: 1024px){.kb-row-layout-id2655_359d1e-26 > .kt-row-column-wrap{grid-template-columns:minmax(0, 1fr);}}@media all and (max-width: 767px){.kb-row-layout-id2655_359d1e-26 > .kt-row-column-wrap{grid-template-columns:minmax(0, 1fr);}}<\/style><div class=\"kb-row-layout-wrap kb-row-layout-id2655_359d1e-26 alignnone kt-row-has-bg wp-block-kadence-rowlayout\"><div class=\"kt-row-layout-overlay kt-row-overlay-normal\"><\/div><div class=\"kt-row-column-wrap kt-has-1-columns kt-row-layout-equal kt-tab-layout-inherit kt-mobile-layout-row kt-row-valign-top\">\n<style>.kadence-column2655_9673f6-7a > .kt-inside-inner-col,.kadence-column2655_9673f6-7a > .kt-inside-inner-col:before{border-top-left-radius:0px;border-top-right-radius:0px;border-bottom-right-radius:0px;border-bottom-left-radius:0px;}.kadence-column2655_9673f6-7a > .kt-inside-inner-col{column-gap:var(--global-kb-gap-sm, 1rem);}.kadence-column2655_9673f6-7a > .kt-inside-inner-col{flex-direction:column;}.kadence-column2655_9673f6-7a > .kt-inside-inner-col > .aligncenter{width:100%;}.kadence-column2655_9673f6-7a > .kt-inside-inner-col:before{opacity:0.3;}.kadence-column2655_9673f6-7a{position:relative;}@media all and (max-width: 1024px){.kadence-column2655_9673f6-7a > .kt-inside-inner-col{flex-direction:column;justify-content:center;}}@media all and (max-width: 767px){.kadence-column2655_9673f6-7a > .kt-inside-inner-col{flex-direction:column;justify-content:center;}}<\/style>\n<div class=\"wp-block-kadence-column kadence-column2655_9673f6-7a\"><div class=\"kt-inside-inner-col\"><style>.kadence-column2655_ee38f6-09 > .kt-inside-inner-col,.kadence-column2655_ee38f6-09 > .kt-inside-inner-col:before{border-top-left-radius:0px;border-top-right-radius:0px;border-bottom-right-radius:0px;border-bottom-left-radius:0px;}.kadence-column2655_ee38f6-09 > .kt-inside-inner-col{column-gap:var(--global-kb-gap-sm, 1rem);}.kadence-column2655_ee38f6-09 > .kt-inside-inner-col{flex-direction:column;}.kadence-column2655_ee38f6-09 > .kt-inside-inner-col > .aligncenter{width:100%;}.kadence-column2655_ee38f6-09 > .kt-inside-inner-col:before{opacity:0.3;}.kadence-column2655_ee38f6-09{position:relative;}@media all and (max-width: 1024px){.kadence-column2655_ee38f6-09 > .kt-inside-inner-col{flex-direction:column;justify-content:center;}}@media all and (max-width: 767px){.kadence-column2655_ee38f6-09 > .kt-inside-inner-col{flex-direction:column;justify-content:center;}}<\/style>\n<div class=\"wp-block-kadence-column kadence-column2655_ee38f6-09\"><div class=\"kt-inside-inner-col\"><style>.wp-block-kadence-advancedheading.kt-adv-heading2655_a0724c-0c, .wp-block-kadence-advancedheading.kt-adv-heading2655_a0724c-0c[data-kb-block=\"kb-adv-heading2655_a0724c-0c\"]{text-align:center;font-size:40px;font-weight:700;font-style:normal;font-family:Manrope;}.wp-block-kadence-advancedheading.kt-adv-heading2655_a0724c-0c mark.kt-highlight, .wp-block-kadence-advancedheading.kt-adv-heading2655_a0724c-0c[data-kb-block=\"kb-adv-heading2655_a0724c-0c\"] mark.kt-highlight{font-style:normal;color:#f76a0c;-webkit-box-decoration-break:clone;box-decoration-break:clone;padding-top:0px;padding-right:0px;padding-bottom:0px;padding-left:0px;}.wp-block-kadence-advancedheading.kt-adv-heading2655_a0724c-0c img.kb-inline-image, .wp-block-kadence-advancedheading.kt-adv-heading2655_a0724c-0c[data-kb-block=\"kb-adv-heading2655_a0724c-0c\"] img.kb-inline-image{width:150px;vertical-align:baseline;}<\/style>\n<h2 class=\"kt-adv-heading2655_a0724c-0c wp-block-kadence-advancedheading has-white-color has-text-color\" data-kb-block=\"kb-adv-heading2655_a0724c-0c\">Das Unternehmen<\/h2>\n<\/div><\/div>\n<\/div><\/div>\n\n<\/div><\/div>\n\n<style>.kadence-column2655_e8099e-3c > .kt-inside-inner-col,.kadence-column2655_e8099e-3c > .kt-inside-inner-col:before{border-top-left-radius:0px;border-top-right-radius:0px;border-bottom-right-radius:0px;border-bottom-left-radius:0px;}.kadence-column2655_e8099e-3c > .kt-inside-inner-col{column-gap:var(--global-kb-gap-sm, 1rem);}.kadence-column2655_e8099e-3c > .kt-inside-inner-col{flex-direction:column;}.kadence-column2655_e8099e-3c > .kt-inside-inner-col > .aligncenter{width:100%;}.kadence-column2655_e8099e-3c > .kt-inside-inner-col:before{opacity:0.3;}.kadence-column2655_e8099e-3c{position:relative;}@media all and (max-width: 1024px){.kadence-column2655_e8099e-3c > .kt-inside-inner-col{padding-right:var(--global-kb-spacing-lg, 3rem);padding-left:var(--global-kb-spacing-lg, 3rem);flex-direction:column;justify-content:center;}}@media all and (max-width: 767px){.kadence-column2655_e8099e-3c > .kt-inside-inner-col{padding-right:var(--global-kb-spacing-sm, 1.5rem);padding-left:var(--global-kb-spacing-sm, 1.5rem);flex-direction:column;justify-content:center;}}<\/style>\n<div class=\"wp-block-kadence-column kadence-column2655_e8099e-3c\"><div class=\"kt-inside-inner-col\"><style>.kb-row-layout-wrap.wp-block-kadence-rowlayout.kb-row-layout-id2655_4317fb-59{margin-top:var(--global-kb-spacing-md, 2rem);}.kb-row-layout-id2655_4317fb-59 > .kt-row-column-wrap{align-content:start;}:where(.kb-row-layout-id2655_4317fb-59 > .kt-row-column-wrap) > .wp-block-kadence-column{justify-content:start;}.kb-row-layout-id2655_4317fb-59 > .kt-row-column-wrap{column-gap:var(--global-kb-gap-md, 2rem);row-gap:var(--global-kb-gap-md, 2rem);max-width:1080px;margin-left:auto;margin-right:auto;padding-top:var(--global-kb-spacing-sm, 1.5rem);padding-bottom:var(--global-kb-spacing-sm, 1.5rem);grid-template-columns:minmax(0, 1fr);}.kb-row-layout-id2655_4317fb-59 > .kt-row-layout-overlay{opacity:0.30;}@media all and (max-width: 1024px){.kb-row-layout-id2655_4317fb-59 > .kt-row-column-wrap{grid-template-columns:minmax(0, 1fr);}}@media all and (max-width: 767px){.kb-row-layout-id2655_4317fb-59 > .kt-row-column-wrap{grid-template-columns:minmax(0, 1fr);}}<\/style><div class=\"kb-row-layout-wrap kb-row-layout-id2655_4317fb-59 alignnone wp-block-kadence-rowlayout\"><div class=\"kt-row-column-wrap kt-has-1-columns kt-row-layout-equal kt-tab-layout-inherit kt-mobile-layout-row kt-row-valign-top\">\n<style>.kadence-column2655_32b7d7-7c > .kt-inside-inner-col,.kadence-column2655_32b7d7-7c > .kt-inside-inner-col:before{border-top-left-radius:0px;border-top-right-radius:0px;border-bottom-right-radius:0px;border-bottom-left-radius:0px;}.kadence-column2655_32b7d7-7c > .kt-inside-inner-col{column-gap:var(--global-kb-gap-sm, 1rem);}.kadence-column2655_32b7d7-7c > .kt-inside-inner-col{flex-direction:column;}.kadence-column2655_32b7d7-7c > .kt-inside-inner-col > .aligncenter{width:100%;}.kadence-column2655_32b7d7-7c > .kt-inside-inner-col:before{opacity:0.3;}.kadence-column2655_32b7d7-7c{position:relative;}@media all and (max-width: 1024px){.kadence-column2655_32b7d7-7c > .kt-inside-inner-col{flex-direction:column;justify-content:center;}}@media all and (max-width: 767px){.kadence-column2655_32b7d7-7c > .kt-inside-inner-col{flex-direction:column;justify-content:center;}}<\/style>\n<div class=\"wp-block-kadence-column kadence-column2655_32b7d7-7c\"><div class=\"kt-inside-inner-col\"><\/div><\/div>\n\n<\/div><\/div>\n\n<style>.kb-row-layout-id2655_6e85e9-9f > .kt-row-column-wrap{align-content:start;}:where(.kb-row-layout-id2655_6e85e9-9f > .kt-row-column-wrap) > .wp-block-kadence-column{justify-content:start;}.kb-row-layout-id2655_6e85e9-9f > .kt-row-column-wrap{column-gap:var(--global-kb-gap-md, 2rem);row-gap:var(--global-kb-gap-md, 2rem);max-width:1080px;margin-left:auto;margin-right:auto;padding-top:var(--global-kb-spacing-sm, 1.5rem);padding-bottom:var(--global-kb-spacing-sm, 1.5rem);grid-template-columns:repeat(2, minmax(0, 1fr));}.kb-row-layout-id2655_6e85e9-9f > .kt-row-layout-overlay{opacity:0.30;}@media all and (max-width: 1024px){.kb-row-layout-id2655_6e85e9-9f > .kt-row-column-wrap{grid-template-columns:repeat(2, minmax(0, 1fr));}}@media all and (max-width: 767px){.kb-row-layout-id2655_6e85e9-9f > .kt-row-column-wrap{grid-template-columns:minmax(0, 1fr);}}<\/style><div class=\"kb-row-layout-wrap kb-row-layout-id2655_6e85e9-9f alignnone wp-block-kadence-rowlayout\"><div class=\"kt-row-column-wrap kt-has-2-columns kt-row-layout-equal kt-tab-layout-inherit kt-mobile-layout-row kt-row-valign-top\">\n<style>.kadence-column2655_56422e-20 > .kt-inside-inner-col,.kadence-column2655_56422e-20 > .kt-inside-inner-col:before{border-top-left-radius:0px;border-top-right-radius:0px;border-bottom-right-radius:0px;border-bottom-left-radius:0px;}.kadence-column2655_56422e-20 > .kt-inside-inner-col{column-gap:var(--global-kb-gap-sm, 1rem);}.kadence-column2655_56422e-20 > .kt-inside-inner-col{flex-direction:column;}.kadence-column2655_56422e-20 > .kt-inside-inner-col > .aligncenter{width:100%;}.kadence-column2655_56422e-20 > .kt-inside-inner-col:before{opacity:0.3;}.kadence-column2655_56422e-20{position:relative;}@media all and (max-width: 1024px){.kadence-column2655_56422e-20 > .kt-inside-inner-col{flex-direction:column;justify-content:center;}}@media all and (max-width: 767px){.kadence-column2655_56422e-20 > .kt-inside-inner-col{flex-direction:column;justify-content:center;}}<\/style>\n<div class=\"wp-block-kadence-column kadence-column2655_56422e-20\"><div class=\"kt-inside-inner-col\"><style>.wp-block-kadence-advancedheading.kt-adv-heading2655_30c49f-77, .wp-block-kadence-advancedheading.kt-adv-heading2655_30c49f-77[data-kb-block=\"kb-adv-heading2655_30c49f-77\"]{font-size:22px;font-style:normal;font-family:var( --global-heading-font-family, inherit );}.wp-block-kadence-advancedheading.kt-adv-heading2655_30c49f-77 mark.kt-highlight, .wp-block-kadence-advancedheading.kt-adv-heading2655_30c49f-77[data-kb-block=\"kb-adv-heading2655_30c49f-77\"] mark.kt-highlight{font-style:normal;color:#f76a0c;-webkit-box-decoration-break:clone;box-decoration-break:clone;padding-top:0px;padding-right:0px;padding-bottom:0px;padding-left:0px;}.wp-block-kadence-advancedheading.kt-adv-heading2655_30c49f-77 img.kb-inline-image, .wp-block-kadence-advancedheading.kt-adv-heading2655_30c49f-77[data-kb-block=\"kb-adv-heading2655_30c49f-77\"] img.kb-inline-image{width:150px;vertical-align:baseline;}<\/style>\n<h2 class=\"kt-adv-heading2655_30c49f-77 wp-block-kadence-advancedheading has-theme-palette-1-color has-text-color\" data-kb-block=\"kb-adv-heading2655_30c49f-77\">WAS ist e-alouminio.gr?<\/h2>\n\n\n\n<p class=\"wp-block-paragraph\" style=\"font-size:15px\">e-alouminio.gr ist die Suchmaschine Nr. 1 f\u00fcr Rahmenhersteller im gesamten griechischen Gebiet. Sie erm\u00f6glicht es dem Besucher, den idealen Rahmenhersteller zu finden, basierend auf seinen eigenen Bed\u00fcrfnissen und Anforderungen und insbesondere auf der Region, in der sich sein Projekt befindet.<\/p>\n<\/div><\/div>\n\n\n<style>.kadence-column2655_4bbf57-46 > .kt-inside-inner-col,.kadence-column2655_4bbf57-46 > .kt-inside-inner-col:before{border-top-left-radius:0px;border-top-right-radius:0px;border-bottom-right-radius:0px;border-bottom-left-radius:0px;}.kadence-column2655_4bbf57-46 > .kt-inside-inner-col{column-gap:var(--global-kb-gap-sm, 1rem);}.kadence-column2655_4bbf57-46 > .kt-inside-inner-col{flex-direction:column;}.kadence-column2655_4bbf57-46 > .kt-inside-inner-col > .aligncenter{width:100%;}.kadence-column2655_4bbf57-46 > .kt-inside-inner-col:before{opacity:0.3;}.kadence-column2655_4bbf57-46{position:relative;}@media all and (max-width: 1024px){.kadence-column2655_4bbf57-46 > .kt-inside-inner-col{flex-direction:column;justify-content:center;}}@media all and (max-width: 767px){.kadence-column2655_4bbf57-46 > .kt-inside-inner-col{flex-direction:column;justify-content:center;}}<\/style>\n<div class=\"wp-block-kadence-column kadence-column2655_4bbf57-46\"><div class=\"kt-inside-inner-col\"><style>.wp-block-kadence-advancedheading.kt-adv-heading2655_935f9b-63, .wp-block-kadence-advancedheading.kt-adv-heading2655_935f9b-63[data-kb-block=\"kb-adv-heading2655_935f9b-63\"]{font-size:22px;font-style:normal;font-family:var( --global-heading-font-family, inherit );}.wp-block-kadence-advancedheading.kt-adv-heading2655_935f9b-63 mark.kt-highlight, .wp-block-kadence-advancedheading.kt-adv-heading2655_935f9b-63[data-kb-block=\"kb-adv-heading2655_935f9b-63\"] mark.kt-highlight{font-style:normal;color:#f76a0c;-webkit-box-decoration-break:clone;box-decoration-break:clone;padding-top:0px;padding-right:0px;padding-bottom:0px;padding-left:0px;}.wp-block-kadence-advancedheading.kt-adv-heading2655_935f9b-63 img.kb-inline-image, .wp-block-kadence-advancedheading.kt-adv-heading2655_935f9b-63[data-kb-block=\"kb-adv-heading2655_935f9b-63\"] img.kb-inline-image{width:150px;vertical-align:baseline;}<\/style>\n<h2 class=\"kt-adv-heading2655_935f9b-63 wp-block-kadence-advancedheading has-theme-palette-1-color has-text-color\" data-kb-block=\"kb-adv-heading2655_935f9b-63\">Worauf zielt sie ab?<\/h2>\n\n\n\n<p class=\"wp-block-paragraph\" style=\"font-size:15px\">Staging.e-alouminio.gr f\u00f6rdert und erleichtert die Zusammenarbeit zwischen Privatpersonen und Fachleuten, und zwar in k\u00fcrzester Zeit und mit gewinnbringenden Ergebnissen in beide Richtungen: Mit einem Klick &#8222;betritt&#8220; der Bauherr das Haus der Privatperson und die Privatperson das Unternehmen des Bauherrn.<\/p>\n<\/div><\/div>\n\n<\/div><\/div>\n\n<style>.kb-row-layout-id2655_2304c2-ff > .kt-row-column-wrap{align-content:start;}:where(.kb-row-layout-id2655_2304c2-ff > .kt-row-column-wrap) > .wp-block-kadence-column{justify-content:start;}.kb-row-layout-id2655_2304c2-ff > .kt-row-column-wrap{column-gap:var(--global-kb-gap-md, 2rem);row-gap:var(--global-kb-gap-md, 2rem);max-width:1080px;margin-left:auto;margin-right:auto;padding-top:var(--global-kb-spacing-sm, 1.5rem);padding-bottom:var(--global-kb-spacing-sm, 1.5rem);grid-template-columns:repeat(2, minmax(0, 1fr));}.kb-row-layout-id2655_2304c2-ff > .kt-row-layout-overlay{opacity:0.30;}@media all and (max-width: 1024px){.kb-row-layout-id2655_2304c2-ff > .kt-row-column-wrap{grid-template-columns:repeat(2, minmax(0, 1fr));}}@media all and (max-width: 767px){.kb-row-layout-id2655_2304c2-ff > .kt-row-column-wrap{grid-template-columns:minmax(0, 1fr);}}<\/style><div class=\"kb-row-layout-wrap kb-row-layout-id2655_2304c2-ff alignnone wp-block-kadence-rowlayout\"><div class=\"kt-row-column-wrap kt-has-2-columns kt-row-layout-equal kt-tab-layout-inherit kt-mobile-layout-row kt-row-valign-top\">\n<style>.kadence-column2655_fd6cb2-56 > .kt-inside-inner-col,.kadence-column2655_fd6cb2-56 > .kt-inside-inner-col:before{border-top-left-radius:0px;border-top-right-radius:0px;border-bottom-right-radius:0px;border-bottom-left-radius:0px;}.kadence-column2655_fd6cb2-56 > .kt-inside-inner-col{column-gap:var(--global-kb-gap-sm, 1rem);}.kadence-column2655_fd6cb2-56 > .kt-inside-inner-col{flex-direction:column;}.kadence-column2655_fd6cb2-56 > .kt-inside-inner-col > .aligncenter{width:100%;}.kadence-column2655_fd6cb2-56 > .kt-inside-inner-col:before{opacity:0.3;}.kadence-column2655_fd6cb2-56{position:relative;}@media all and (max-width: 1024px){.kadence-column2655_fd6cb2-56 > .kt-inside-inner-col{flex-direction:column;justify-content:center;}}@media all and (max-width: 767px){.kadence-column2655_fd6cb2-56 > .kt-inside-inner-col{flex-direction:column;justify-content:center;}}<\/style>\n<div class=\"wp-block-kadence-column kadence-column2655_fd6cb2-56\"><div class=\"kt-inside-inner-col\"><style>.wp-block-kadence-advancedheading.kt-adv-heading2655_60fe94-41, .wp-block-kadence-advancedheading.kt-adv-heading2655_60fe94-41[data-kb-block=\"kb-adv-heading2655_60fe94-41\"]{font-size:22px;font-style:normal;font-family:var( --global-heading-font-family, inherit );}.wp-block-kadence-advancedheading.kt-adv-heading2655_60fe94-41 mark.kt-highlight, .wp-block-kadence-advancedheading.kt-adv-heading2655_60fe94-41[data-kb-block=\"kb-adv-heading2655_60fe94-41\"] mark.kt-highlight{font-style:normal;color:#f76a0c;-webkit-box-decoration-break:clone;box-decoration-break:clone;padding-top:0px;padding-right:0px;padding-bottom:0px;padding-left:0px;}.wp-block-kadence-advancedheading.kt-adv-heading2655_60fe94-41 img.kb-inline-image, .wp-block-kadence-advancedheading.kt-adv-heading2655_60fe94-41[data-kb-block=\"kb-adv-heading2655_60fe94-41\"] img.kb-inline-image{width:150px;vertical-align:baseline;}<\/style>\n<h2 class=\"kt-adv-heading2655_60fe94-41 wp-block-kadence-advancedheading has-theme-palette-1-color has-text-color\" data-kb-block=\"kb-adv-heading2655_60fe94-41\">Was bietet es dem Besucher?<\/h2>\n\n\n\n<p class=\"wp-block-paragraph\" style=\"font-size:15px\">Anhand bestimmter Kriterien f\u00fcr eine einfache oder komplexe Suche kann der Interessent aus einer gro\u00dfen Anzahl von Fachleuten denjenigen ausw\u00e4hlen, den er aufgrund seiner eigenen Kriterien und Bed\u00fcrfnisse f\u00fcr eine Zusammenarbeit am besten geeignet h\u00e4lt. Sie k\u00f6nnen ihn entweder kontaktieren oder direkt ein Angebot anfordern!<\/p>\n<\/div><\/div>\n\n\n<style>.kadence-column2655_b0933c-9b > .kt-inside-inner-col,.kadence-column2655_b0933c-9b > .kt-inside-inner-col:before{border-top-left-radius:0px;border-top-right-radius:0px;border-bottom-right-radius:0px;border-bottom-left-radius:0px;}.kadence-column2655_b0933c-9b > .kt-inside-inner-col{column-gap:var(--global-kb-gap-sm, 1rem);}.kadence-column2655_b0933c-9b > .kt-inside-inner-col{flex-direction:column;}.kadence-column2655_b0933c-9b > .kt-inside-inner-col > .aligncenter{width:100%;}.kadence-column2655_b0933c-9b > .kt-inside-inner-col:before{opacity:0.3;}.kadence-column2655_b0933c-9b{position:relative;}@media all and (max-width: 1024px){.kadence-column2655_b0933c-9b > .kt-inside-inner-col{flex-direction:column;justify-content:center;}}@media all and (max-width: 767px){.kadence-column2655_b0933c-9b > .kt-inside-inner-col{flex-direction:column;justify-content:center;}}<\/style>\n<div class=\"wp-block-kadence-column kadence-column2655_b0933c-9b\"><div class=\"kt-inside-inner-col\"><style>.wp-block-kadence-advancedheading.kt-adv-heading2655_81ced8-70, .wp-block-kadence-advancedheading.kt-adv-heading2655_81ced8-70[data-kb-block=\"kb-adv-heading2655_81ced8-70\"]{font-size:22px;font-style:normal;font-family:var( --global-heading-font-family, inherit );}.wp-block-kadence-advancedheading.kt-adv-heading2655_81ced8-70 mark.kt-highlight, .wp-block-kadence-advancedheading.kt-adv-heading2655_81ced8-70[data-kb-block=\"kb-adv-heading2655_81ced8-70\"] mark.kt-highlight{font-style:normal;color:#f76a0c;-webkit-box-decoration-break:clone;box-decoration-break:clone;padding-top:0px;padding-right:0px;padding-bottom:0px;padding-left:0px;}.wp-block-kadence-advancedheading.kt-adv-heading2655_81ced8-70 img.kb-inline-image, .wp-block-kadence-advancedheading.kt-adv-heading2655_81ced8-70[data-kb-block=\"kb-adv-heading2655_81ced8-70\"] img.kb-inline-image{width:150px;vertical-align:baseline;}<\/style>\n<h2 class=\"kt-adv-heading2655_81ced8-70 wp-block-kadence-advancedheading has-theme-palette-1-color has-text-color\" data-kb-block=\"kb-adv-heading2655_81ced8-70\">Was bietet es dem Hersteller?<\/h2>\n\n\n\n<p class=\"wp-block-paragraph\" style=\"font-size:15px\">Bewerbung des Unternehmens und seiner Projekten schnell, einfach und kosteng\u00fcnstig bei einer gro\u00dfen Anzahl von interessierten potenziellen Kunden. Ihre Projekte, Daten und Unternehmensbeschreibungen werden direkt und einfach f\u00fcr alle Besucher angezeigt und beworben. Der Erfolg von e-alouminio.gr liegt in der 100% gezielten Werbung des Herstellers bei seinen Kunden.<\/p>\n<\/div><\/div>\n\n<\/div><\/div>\n\n<style>.wp-block-kadence-advancedheading.kt-adv-heading2655_5bad8c-cd, .wp-block-kadence-advancedheading.kt-adv-heading2655_5bad8c-cd[data-kb-block=\"kb-adv-heading2655_5bad8c-cd\"]{margin-top:var(--global-kb-spacing-sm, 1.5rem);margin-bottom:var(--global-kb-spacing-xl, 4rem);text-align:center;font-size:18px;font-weight:bold;font-style:normal;}.wp-block-kadence-advancedheading.kt-adv-heading2655_5bad8c-cd mark.kt-highlight, .wp-block-kadence-advancedheading.kt-adv-heading2655_5bad8c-cd[data-kb-block=\"kb-adv-heading2655_5bad8c-cd\"] mark.kt-highlight{font-style:normal;color:#f76a0c;-webkit-box-decoration-break:clone;box-decoration-break:clone;padding-top:0px;padding-right:0px;padding-bottom:0px;padding-left:0px;}.wp-block-kadence-advancedheading.kt-adv-heading2655_5bad8c-cd img.kb-inline-image, .wp-block-kadence-advancedheading.kt-adv-heading2655_5bad8c-cd[data-kb-block=\"kb-adv-heading2655_5bad8c-cd\"] img.kb-inline-image{width:150px;vertical-align:baseline;}<\/style>\n<p class=\"kt-adv-heading2655_5bad8c-cd wp-block-kadence-advancedheading has-theme-palette-1-color has-text-color\" data-kb-block=\"kb-adv-heading2655_5bad8c-cd\"><em>Zum ersten Mal kann die Privatperson die gew\u00fcnschten Rahmen finden&#8230; mit einem Klick!<\/em><\/p>\n<\/div><\/div>\n","protected":false},"excerpt":{"rendered":"<p>Das Unternehmen WAS ist e-alouminio.gr? e-alouminio.gr ist die Suchmaschine Nr. 1 f\u00fcr Rahmenhersteller im gesamten griechischen Gebiet. Sie erm\u00f6glicht es dem Besucher, den idealen Rahmenhersteller zu finden, basierend auf seinen eigenen Bed\u00fcrfnissen und Anforderungen und insbesondere auf der Region, in der sich sein Projekt befindet. Worauf zielt sie ab? Staging.e-alouminio.gr f\u00f6rdert und erleichtert die Zusammenarbeit&#8230;<\/p>\n","protected":false},"author":4,"featured_media":0,"parent":0,"menu_order":0,"comment_status":"closed","ping_status":"closed","template":"","meta":{"_crdt_document":"","_kad_post_transparent":"disable","_kad_post_title":"hide","_kad_post_layout":"fullwidth","_kad_post_sidebar_id":"","_kad_post_content_style":"unboxed","_kad_post_vertical_padding":"","_kad_post_feature":"","_kad_post_feature_position":"","_kad_post_header":false,"_kad_post_footer":false,"_kad_post_classname":"","footnotes":""},"class_list":["post-2655","page","type-page","status-publish","hentry"],"_links":{"self":[{"href":"https:\/\/e-alouminio.gr\/de\/wp-json\/wp\/v2\/pages\/2655","targetHints":{"allow":["GET"]}}],"collection":[{"href":"https:\/\/e-alouminio.gr\/de\/wp-json\/wp\/v2\/pages"}],"about":[{"href":"https:\/\/e-alouminio.gr\/de\/wp-json\/wp\/v2\/types\/page"}],"author":[{"embeddable":true,"href":"https:\/\/e-alouminio.gr\/de\/wp-json\/wp\/v2\/users\/4"}],"replies":[{"embeddable":true,"href":"https:\/\/e-alouminio.gr\/de\/wp-json\/wp\/v2\/comments?post=2655"}],"version-history":[{"count":0,"href":"https:\/\/e-alouminio.gr\/de\/wp-json\/wp\/v2\/pages\/2655\/revisions"}],"wp:attachment":[{"href":"https:\/\/e-alouminio.gr\/de\/wp-json\/wp\/v2\/media?parent=2655"}],"curies":[{"name":"wp","href":"https:\/\/api.w.org\/{rel}","templated":true}]}}