{"id":2654,"date":"2024-01-03T14:01:35","date_gmt":"2024-01-03T12:01:35","guid":{"rendered":"https:\/\/e-alouminio.gr\/cookies-richtlinie\/"},"modified":"2024-06-19T12:20:35","modified_gmt":"2024-06-19T09:20:35","slug":"cookies-richtlinie","status":"publish","type":"page","link":"https:\/\/e-alouminio.gr\/de\/cookies-richtlinie\/","title":{"rendered":"Cookies-Richtlinie"},"content":{"rendered":"\n<hr class=\"wp-block-separator has-text-color has-theme-palette-9-color has-alpha-channel-opacity has-theme-palette-9-background-color has-background\"\/>\n\n<p class=\"wp-block-paragraph\" style=\"font-size:15px;line-height:1.7\">Cookies sind sehr kleine Textdateien mit Informationen, die von Browsern (Chrome, Mozilla, Firefox usw.) verwendet werden. Sie helfen einer Website, besser zu funktionieren, indem sie es ihr erm\u00f6glichen, die Pr\u00e4ferenzen des Benutzers bei jedem erneuten Besuch zu erkennen.<\/p>\n\n<p class=\"wp-block-paragraph\" style=\"font-size:15px;line-height:1.7\">Auf der Website e-alouminio.gr gibt es 4 verschiedene Typen dieser Textdateien:<\/p>\n\n<p class=\"wp-block-paragraph\" style=\"font-size:15px;line-height:1.7\">Funktionale Cookies: Sie erm\u00f6glichen die Ausf\u00fchrung grundlegender Funktionen der Website. Diese Cookies sammeln keine Informationen \u00fcber Besucher, die f\u00fcr Marketingzwecke verwendet werden k\u00f6nnten oder um sich an die Webseiten zu erinnern, die sie online besucht haben, und verfallen, wenn der Browser geschlossen wird.<\/p>\n\n<p class=\"wp-block-paragraph\" style=\"font-size:15px;line-height:1.7\">Pr\u00e4ferenz-Cookies: Cookies, die dazu beitragen, die Funktionsweise unserer Website zu verbessern und den Zugriff der Benutzer auf die Website entsprechend ihrer Pr\u00e4ferenzen auf der Grundlage ihrer fr\u00fcheren Aktivit\u00e4ten zu beschleunigen, damit sie sich nicht erneut anmelden oder Einstellungen vornehmen m\u00fcssen. Diese Cookies werden einen Monat lang auf Ihrem Computer gespeichert.<\/p>\n\n<p class=\"wp-block-paragraph\" style=\"font-size:15px;line-height:1.7\">Statistik-Cookies: Sie messen den Benutzerverkehr und helfen den Administratoren von e-alouminio.gr, den Inhalt der Website zu verbessern, um den Besuchern ein besseres Erlebnis zu bieten. Diese Cookies sammeln keine Informationen, die zur Identifizierung des Besuchers verwendet werden k\u00f6nnten.<\/p>\n\n<p class=\"wp-block-paragraph\" style=\"font-size:15px;line-height:1.7\">Werbe-Cookies: Diese Cookies sind notwendig, um Werbung anzuzeigen, die den Pr\u00e4ferenzen des Nutzers entspricht.<\/p>\n\n<p class=\"wp-block-paragraph\" style=\"font-size:15px;line-height:1.7\">Funktionalit\u00e4ts- und Einstellungs-Cookies sind f\u00fcr den Betrieb der Website erforderlich und k\u00f6nnen nicht deaktiviert werden.<\/p>\n\n<p class=\"wp-block-paragraph\" style=\"font-size:15px;line-height:1.7\">Statistik- und Werbe-Cookies: Sie sind f\u00fcr den Betrieb der Website nicht erforderlich und k\u00f6nnen deaktiviert werden.<\/p>\n","protected":false},"excerpt":{"rendered":"<p>Cookies sind sehr kleine Textdateien mit Informationen, die von Browsern (Chrome, Mozilla, Firefox usw.) verwendet werden. Sie helfen einer Website, besser zu funktionieren, indem sie es ihr erm\u00f6glichen, die Pr\u00e4ferenzen des Benutzers bei jedem erneuten Besuch zu erkennen. Auf der Website e-alouminio.gr gibt es 4 verschiedene Typen dieser Textdateien: Funktionale Cookies: Sie erm\u00f6glichen die Ausf\u00fchrung&#8230;<\/p>\n","protected":false},"author":4,"featured_media":0,"parent":0,"menu_order":0,"comment_status":"closed","ping_status":"closed","template":"","meta":{"_crdt_document":"","_kad_post_transparent":"disable","_kad_post_title":"show","_kad_post_layout":"","_kad_post_sidebar_id":"","_kad_post_content_style":"","_kad_post_vertical_padding":"","_kad_post_feature":"","_kad_post_feature_position":"","_kad_post_header":false,"_kad_post_footer":false,"_kad_post_classname":"","footnotes":""},"class_list":["post-2654","page","type-page","status-publish","hentry"],"_links":{"self":[{"href":"https:\/\/e-alouminio.gr\/de\/wp-json\/wp\/v2\/pages\/2654","targetHints":{"allow":["GET"]}}],"collection":[{"href":"https:\/\/e-alouminio.gr\/de\/wp-json\/wp\/v2\/pages"}],"about":[{"href":"https:\/\/e-alouminio.gr\/de\/wp-json\/wp\/v2\/types\/page"}],"author":[{"embeddable":true,"href":"https:\/\/e-alouminio.gr\/de\/wp-json\/wp\/v2\/users\/4"}],"replies":[{"embeddable":true,"href":"https:\/\/e-alouminio.gr\/de\/wp-json\/wp\/v2\/comments?post=2654"}],"version-history":[{"count":0,"href":"https:\/\/e-alouminio.gr\/de\/wp-json\/wp\/v2\/pages\/2654\/revisions"}],"wp:attachment":[{"href":"https:\/\/e-alouminio.gr\/de\/wp-json\/wp\/v2\/media?parent=2654"}],"curies":[{"name":"wp","href":"https:\/\/api.w.org\/{rel}","templated":true}]}}